{"id":51,"date":"2024-08-12T19:58:23","date_gmt":"2024-08-12T22:58:23","guid":{"rendered":"https:\/\/sites.unipampa.edu.br\/celalegrete\/?page_id=51"},"modified":"2024-08-12T15:56:36","modified_gmt":"2024-08-12T18:56:36","slug":"votacao-via-helios","status":"publish","type":"page","link":"https:\/\/sites.unipampa.edu.br\/celalegrete\/?page_id=51","title":{"rendered":"Helios Voting"},"content":{"rendered":"<p>No Campus Alegrete da Unipampa, o processo de vota\u00e7\u00e3o ser\u00e1 realizado atrav\u00e9s do sistema <b><i>Helios Voting <\/i><\/b>de vota\u00e7\u00e3o eletr\u00f4nica.<\/p>\n<p>Em breve ser\u00e3o apresentados todos os procedimentos para o processo eletr\u00f4nico de vota\u00e7\u00e3o.<\/p>\n","protected":false},"excerpt":{"rendered":"<p>No Campus Alegrete da Unipampa, o processo de vota\u00e7\u00e3o ser\u00e1 realizado atrav\u00e9s do sistema Helios Voting de vota\u00e7\u00e3o eletr\u00f4nica. Em breve ser\u00e3o apresentados todos os procedimentos para o processo eletr\u00f4nico de vota\u00e7\u00e3o.<\/p>\n","protected":false},"author":172,"featured_media":0,"parent":0,"menu_order":0,"comment_status":"closed","ping_status":"closed","template":"","meta":[],"_links":{"self":[{"href":"https:\/\/sites.unipampa.edu.br\/celalegrete\/index.php?rest_route=\/wp\/v2\/pages\/51"}],"collection":[{"href":"https:\/\/sites.unipampa.edu.br\/celalegrete\/index.php?rest_route=\/wp\/v2\/pages"}],"about":[{"href":"https:\/\/sites.unipampa.edu.br\/celalegrete\/index.php?rest_route=\/wp\/v2\/types\/page"}],"author":[{"embeddable":true,"href":"https:\/\/sites.unipampa.edu.br\/celalegrete\/index.php?rest_route=\/wp\/v2\/users\/172"}],"replies":[{"embeddable":true,"href":"https:\/\/sites.unipampa.edu.br\/celalegrete\/index.php?rest_route=%2Fwp%2Fv2%2Fcomments&post=51"}],"version-history":[{"count":13,"href":"https:\/\/sites.unipampa.edu.br\/celalegrete\/index.php?rest_route=\/wp\/v2\/pages\/51\/revisions"}],"predecessor-version":[{"id":470,"href":"https:\/\/sites.unipampa.edu.br\/celalegrete\/index.php?rest_route=\/wp\/v2\/pages\/51\/revisions\/470"}],"wp:attachment":[{"href":"https:\/\/sites.unipampa.edu.br\/celalegrete\/index.php?rest_route=%2Fwp%2Fv2%2Fmedia&parent=51"}],"curies":[{"name":"wp","href":"https:\/\/api.w.org\/{rel}","templated":true}]}}