{"id":194,"date":"2022-01-25T13:44:13","date_gmt":"2022-01-25T16:44:13","guid":{"rendered":"https:\/\/sites.unipampa.edu.br\/clpalegrete\/?page_id=194"},"modified":"2022-01-25T14:55:01","modified_gmt":"2022-01-25T17:55:01","slug":"duvidas-frequentes","status":"publish","type":"page","link":"https:\/\/sites.unipampa.edu.br\/clpalegrete\/?page_id=194","title":{"rendered":"D\u00favidas Frequentes"},"content":{"rendered":"<p><strong><span style=\"color: #339966\">1. Quem tem projetos em andamento cadastrados no Sippee precisar\u00e1 cadastr\u00e1-los no novo sistema?<\/span><\/strong>\u00a0<em>Se o\/a coordenador\/a do projeto desejar concorrer aos pr\u00f3ximos editais, o projeto dever\u00e1 ser cadastrado no SAP.\u00a0<\/em><\/p>\n<p><span style=\"color: #339966\"><strong>2. Haver\u00e1 migra\u00e7\u00e3o dos projetos do Sippee para o SAP?<\/strong><\/span>\u00a0<em>N\u00e3o haver\u00e1 migra\u00e7\u00e3o. Quem desejar, dever\u00e1 cadastrar no SAP, por meio do Guri, o projeto que atualmente est\u00e1 no Sippee.<\/em><\/p>\n<p><span style=\"color: #339966\"><strong>3. Os bolsistas que est\u00e3o cadastrados no Sippee precisam ser cadastrados no SAP?<\/strong><\/span>\u00a0<em>N\u00e3o. As bolsas atuais ficar\u00e3o no Sippee at\u00e9 o final da vig\u00eancia da bolsa e entrega de relat\u00f3rio. As substitui\u00e7\u00f5es dos bolsistas atuais tamb\u00e9m ocorrer\u00e3o no Sippee.<\/em><\/p>\n<p><span style=\"color: #339966\"><strong>4. O Sippee ficar\u00e1 recebendo projetos novos?<\/strong><\/span>\u00a0<em>N\u00e3o. O Sippee receber\u00e1 apenas os relat\u00f3rios dos projetos que j\u00e1 est\u00e3o cadastrados e os relat\u00f3rios das bolsas que atualmente est\u00e3o vigentes.<\/em><\/p>\n<p><strong><span style=\"color: #339966\">5. \u00c9 poss\u00edvel concorrer aos editais de bolsas empregando projetos j\u00e1 cadastrados no Sippee?<\/span><\/strong> <em>N\u00e3o. Somente ser\u00e1 poss\u00edvel concorrer aos editais se fizer o registro do projeto no SAP.<\/em><\/p>\n<p><span style=\"color: #339966\"><strong>6. Qual o tempo m\u00ednimo e m\u00e1ximo de execu\u00e7\u00e3o de um projeto para cadastro no SAP?<\/strong><\/span> <em>O tempo m\u00ednimo de um projeto deve ser de 1 ano e m\u00e1ximo de 4 anos. Recomenda-se o cadastro de projetos guarda-chuva com dura\u00e7\u00e3o de 4 anos.\u00a0<\/em><\/p>\n<p><span style=\"color: #339966\"><strong>7. Meu projeto j\u00e1 est\u00e1 cadastrado no Sippee h\u00e1 um tempo mas quero migr\u00e1-lo para o SAP, o que devo fazer com o cronograma do meu projeto?<\/strong><\/span> <em>Embora o projeto esteja no Sippee em execu\u00e7\u00e3o, \u00e9 poss\u00edvel cadastrar 4 anos a partir da data de &#8220;hoje&#8221; no SAP. Voc\u00ea pode ajustar as informa\u00e7\u00f5es do projeto que estava no Sippee incluindo mais atividades, ou cadastrar apenas o restante do tempo do projeto (obedecendo o tempo m\u00ednimo de 1 ano e m\u00e1ximo de 4 anos).<\/em><\/p>\n<p><span style=\"color: #339966\"><strong>8. Meu projeto de pesquisa tamb\u00e9m possui car\u00e1ter inovador, como devo proceder para concorrer aos editais de pesquisa e inova\u00e7\u00e3o?<\/strong><\/span> <em>Neste caso os projetos devem ser submetidos nas duas modalidades, isto \u00e9, &#8220;\u00c1rea: Pesquisa&#8221; e &#8220;\u00c1rea: Inova\u00e7\u00e3o&#8221; no sistema.<\/em><\/p>\n<p><span style=\"color: #339966\"><strong>9. Submeti o meu projeto, quanto tempo demora para que ele seja homologado?<\/strong><\/span> <em>Os projetos s\u00e3o avaliados e passam pela aprova\u00e7\u00e3o da CLP nas reuni\u00f5es que ocorrem na primeira semana\u00a0 de cada m\u00eas. Ap\u00f3s, devem passar pela aprova\u00e7\u00e3o do Conselho do Campus, em reuni\u00f5es que ocorrem ao final de cada m\u00eas. Assim, estima-se um prazo m\u00e9dio de 30-45 dias.<\/em><\/p>\n","protected":false},"excerpt":{"rendered":"<p>1. Quem tem projetos em andamento cadastrados no Sippee precisar\u00e1 cadastr\u00e1-los no novo sistema?\u00a0Se o\/a coordenador\/a do projeto desejar concorrer aos pr\u00f3ximos editais, o projeto dever\u00e1 ser cadastrado no SAP.\u00a0 2. Haver\u00e1 migra\u00e7\u00e3o dos projetos do Sippee para o SAP?\u00a0N\u00e3o haver\u00e1 migra\u00e7\u00e3o. Quem desejar, dever\u00e1 cadastrar no SAP, por meio do Guri, o projeto que &hellip; <a href=\"https:\/\/sites.unipampa.edu.br\/clpalegrete\/?page_id=194\" class=\"more-link\">Continue lendo <span class=\"screen-reader-text\">D\u00favidas Frequentes<\/span> <span class=\"meta-nav\">&rarr;<\/span><\/a><\/p>\n","protected":false},"author":996,"featured_media":0,"parent":0,"menu_order":8,"comment_status":"closed","ping_status":"closed","template":"","meta":[],"_links":{"self":[{"href":"https:\/\/sites.unipampa.edu.br\/clpalegrete\/index.php?rest_route=\/wp\/v2\/pages\/194"}],"collection":[{"href":"https:\/\/sites.unipampa.edu.br\/clpalegrete\/index.php?rest_route=\/wp\/v2\/pages"}],"about":[{"href":"https:\/\/sites.unipampa.edu.br\/clpalegrete\/index.php?rest_route=\/wp\/v2\/types\/page"}],"author":[{"embeddable":true,"href":"https:\/\/sites.unipampa.edu.br\/clpalegrete\/index.php?rest_route=\/wp\/v2\/users\/996"}],"replies":[{"embeddable":true,"href":"https:\/\/sites.unipampa.edu.br\/clpalegrete\/index.php?rest_route=%2Fwp%2Fv2%2Fcomments&post=194"}],"version-history":[{"count":5,"href":"https:\/\/sites.unipampa.edu.br\/clpalegrete\/index.php?rest_route=\/wp\/v2\/pages\/194\/revisions"}],"predecessor-version":[{"id":239,"href":"https:\/\/sites.unipampa.edu.br\/clpalegrete\/index.php?rest_route=\/wp\/v2\/pages\/194\/revisions\/239"}],"wp:attachment":[{"href":"https:\/\/sites.unipampa.edu.br\/clpalegrete\/index.php?rest_route=%2Fwp%2Fv2%2Fmedia&parent=194"}],"curies":[{"name":"wp","href":"https:\/\/api.w.org\/{rel}","templated":true}]}}