{"id":26,"date":"2019-03-14T16:14:28","date_gmt":"2019-03-14T19:14:28","guid":{"rendered":"https:\/\/sites.unipampa.edu.br\/clpalegrete\/?page_id=26"},"modified":"2022-02-08T10:00:32","modified_gmt":"2022-02-08T13:00:32","slug":"projetos","status":"publish","type":"page","link":"https:\/\/sites.unipampa.edu.br\/clpalegrete\/?page_id=26","title":{"rendered":"Submiss\u00e3o de Projetos"},"content":{"rendered":"<h3><b>Diretrizes a serem consideradas na submiss\u00e3o de projetos de pesquisa \u00e0 CLP<\/b><\/h3>\n<p>Os pr\u00f3ximos editais de bolsas e fomento, ser\u00e3o lan\u00e7ados no SAP, portanto, para concorrer aos editais ser\u00e1 necess\u00e1rio fazer o cadastro dos projetos no SAP, independentemente do projeto j\u00e1 estar cadastrado no SIPPEE.<\/p>\n<p>Informa\u00e7\u00f5es sobre o registro de projetos de pesquisa no SAP:<\/p>\n<p><a href=\"https:\/\/sites.unipampa.edu.br\/propesq\/files\/2021\/11\/oficio-221-proppi-cadastroprojetospesquisasap.pdf\">Of\u00edcio 221-PROPPI- Cadastro de Projetos de Pesquisa<\/a><\/p>\n<p><a href=\"https:\/\/sites.unipampa.edu.br\/propesq\/files\/2021\/11\/cadastroprojetopesquisa-sap.pdf\">Cadastro de Projetos de Pesquisa<\/a><\/p>\n<p><a href=\"https:\/\/sites.unipampa.edu.br\/propesq\/files\/2021\/11\/formularioavaliacaoprojetopesquisa-sap.pdf\">Formul\u00e1rio de Avalia\u00e7\u00e3o Projeto de Pesquisa<\/a><\/p>\n<p><a href=\"https:\/\/sites.unipampa.edu.br\/atendimento\/files\/2021\/10\/guri-projetos-academicos.pdf\">Manual Completo SAP<\/a><\/p>\n<h3><b>Diretrizes a serem consideradas na submiss\u00e3o de projetos de Inova\u00e7\u00e3o<\/b><\/h3>\n<p>Em um primeiro momento a avalia\u00e7\u00e3o dos Projetos de Inova\u00e7\u00e3o acontecer\u00e3o diretamente pela DIT (\u00f3rg\u00e3o respons\u00e1vel pela \u00e1rea). Assim que a nova Pol\u00edtica de Inova\u00e7\u00e3o for aprovada poder\u00e3o ser definidos novos tr\u00e2mites aos projetos. Estes projetos n\u00e3o passar\u00e3o pelas Comiss\u00f5es Locais de Pesquisa (CLPs) devido ao seu car\u00e1ter sigiloso, respeitando o\u00a0 \u00a7 1\u00ba do Art. 11 da Lei 9279\/1996.<\/p>\n<p><a href=\"https:\/\/sites.unipampa.edu.br\/nit\/files\/2021\/11\/sap-projetos-solicitar-registro-de-projeto-de-inovacao-tecnologica.pdf\">Um manual de como cadastrar seu projeto de inova\u00e7\u00e3o tecnol\u00f3gica est\u00e1 dispon\u00edvel<\/a>.<\/p>\n<p>Para maiores informa\u00e7\u00f5es clique <a href=\"https:\/\/unipampa.edu.br\/portal\/sistema-academico-de-projetos-sap-tem-nova-modalidade-de-projetos-de-inovacao-tecnologica-em\">aqui<\/a>.<\/p>\n<p>Para pesquisadores interessados em Pesquisa Inovadora, sugerimos consultar:<\/p>\n<ul>\n<li style=\"list-style-type: none\">\n<ul>\n<li>O <a href=\"http:\/\/www.mctic.gov.br\/mctic\/export\/sites\/institucional\/publicacao\/arquivos\/GUIA_PRATICO_DA_LEI_DO_BEM_2019_MCTIC.pdf\">Guia Pr\u00e1tico da Lei do Bem<\/a>, que resume incentivos da chamada Lei do Bem.<\/li>\n<li>O <a href=\"http:\/\/anpei.org.br\/site-novo\/wp-content\/uploads\/2019\/05\/2.pdf\">Guia da Lei do Bem &#8211; O que \u00e9 Inova\u00e7\u00e3o para a Lei do Bem?<\/a>, que apresenta uma discuss\u00e3o ampla sobre inova\u00e7\u00e3o tecnol\u00f3gica.<\/li>\n<\/ul>\n<\/li>\n<\/ul>\n<ul>\n<li style=\"list-style-type: none\"><\/li>\n<\/ul>\n<h3><b>Guia para elabora\u00e7\u00e3o de propostas aos editais internos de inicia\u00e7\u00e3o cient\u00edfica e tecnol\u00f3gica FAPERGS\/CNPQ<\/b><\/h3>\n<p><b>Avalia\u00e7\u00f5es dos Projetos de Pesquisa<\/b><\/p>\n<p><b>Inicia\u00e7\u00e3o Tecnol\u00f3gica:<\/b><\/p>\n<ul>\n<li style=\"font-weight: 400\"><span style=\"font-weight: 400\">(M\u00e1x. 2 pontos) Os objetivos s\u00e3o pertinentes e bem definidos?\u00a0<\/span><\/li>\n<li style=\"font-weight: 400\"><span style=\"font-weight: 400\">(M\u00e1x. 2 pontos) Os m\u00e9todos a serem empregados podem contemplar os objetivos propostos?<\/span><\/li>\n<li style=\"font-weight: 400\"><span style=\"font-weight: 400\">(M\u00e1x. 2 pontos) Apresenta preocupa\u00e7\u00e3o com: <\/span>\n<ul>\n<li style=\"font-weight: 400\"><span style=\"font-weight: 400\">1) a forma\u00e7\u00e3o de recursos humanos com qualidade; <\/span><\/li>\n<li style=\"font-weight: 400\"><span style=\"font-weight: 400\">2) proje\u00e7\u00e3o da UNIPAMPA no cen\u00e1rio cient\u00edfico nacional e internacional.\u00a0<\/span><\/li>\n<\/ul>\n<\/li>\n<li style=\"font-weight: 400\"><span style=\"font-weight: 400\">(M\u00e1x. 2 pontos) Possui car\u00e1ter tecnol\u00f3gico?\u00a0<\/span><\/li>\n<li style=\"font-weight: 400\"><span style=\"font-weight: 400\">(M\u00e1x. 2 pontos) Inclui como resultados potenciais novos produtos, processos ou servi\u00e7os?\u00a0<\/span><\/li>\n<li style=\"font-weight: 400\"><span style=\"font-weight: 400\">(M\u00e1x. 1 ponto) Demonstra preocupa\u00e7\u00e3o com a prote\u00e7\u00e3o da propriedade intelectual?\u00a0<\/span><\/li>\n<\/ul>\n<p><b>Inicia\u00e7\u00e3o Cient\u00edfica:<\/b><\/p>\n<ul>\n<li style=\"font-weight: 400\"><span style=\"font-weight: 400\">(M\u00e1x. 4 pontos) Os objetivos s\u00e3o pertinentes e bem definidos?\u00a0<\/span><\/li>\n<li style=\"font-weight: 400\"><span style=\"font-weight: 400\">(M\u00e1x. 4 pontos) Os m\u00e9todos a serem empregados podem contemplar os objetivos propostos?\u00a0<\/span><\/li>\n<li style=\"font-weight: 400\"><span style=\"font-weight: 400\">(M\u00e1x. 2 pontos) O projeto apresenta preocupa\u00e7\u00e3o com:<\/span>\n<ul>\n<li style=\"font-weight: 400\"><span style=\"font-weight: 400\">a forma\u00e7\u00e3o de recursos humanos com qualidade;<\/span><\/li>\n<li style=\"font-weight: 400\"><span style=\"font-weight: 400\">proje\u00e7\u00e3o da UNIPAMPA no cen\u00e1rio cient\u00edfico nacional e internacional;<\/span><\/li>\n<li style=\"font-weight: 400\"><span style=\"font-weight: 400\">preocupa\u00e7\u00e3o clara quanto \u00e0 publica\u00e7\u00e3o\/divulga\u00e7\u00e3o dos resultados obtidos.\u00a0<\/span><\/li>\n<\/ul>\n<\/li>\n<\/ul>\n<p><b>Avalia\u00e7\u00f5es dos planos de trabalho do bolsista (m\u00e1ximo 2 pontos por item):<\/b><\/p>\n<ul>\n<li style=\"font-weight: 400\"><span style=\"font-weight: 400\">N\u00famero de atividades propostas para o bolsista \u00e9 condizente com o per\u00edodo da bolsa?<\/span><\/li>\n<li style=\"font-weight: 400\"><span style=\"font-weight: 400\">As atividades propostas s\u00e3o exequ\u00edveis para a Inicia\u00e7\u00e3o Cient\u00edfica?<\/span><\/li>\n<li style=\"font-weight: 400\"><span style=\"font-weight: 400\">Existe coer\u00eancia entre plano de trabalho e projeto de pesquisa?<\/span><\/li>\n<li style=\"font-weight: 400\"><span style=\"font-weight: 400\">O cronograma de trabalho est\u00e1 adequado e as atividades do bolsista est\u00e3o bem especificadas?<\/span><\/li>\n<li style=\"font-weight: 400\"><span style=\"font-weight: 400\">Reda\u00e7\u00e3o, fonte financiadora, resultados e contribui\u00e7\u00f5es esperadas.<\/span><\/li>\n<\/ul>\n","protected":false},"excerpt":{"rendered":"<p>Diretrizes a serem consideradas na submiss\u00e3o de projetos de pesquisa \u00e0 CLP Os pr\u00f3ximos editais de bolsas e fomento, ser\u00e3o lan\u00e7ados no SAP, portanto, para concorrer aos editais ser\u00e1 necess\u00e1rio fazer o cadastro dos projetos no SAP, independentemente do projeto j\u00e1 estar cadastrado no SIPPEE. Informa\u00e7\u00f5es sobre o registro de projetos de pesquisa no SAP: &hellip; <a href=\"https:\/\/sites.unipampa.edu.br\/clpalegrete\/?page_id=26\" class=\"more-link\">Continue lendo <span class=\"screen-reader-text\">Submiss\u00e3o de Projetos<\/span> <span class=\"meta-nav\">&rarr;<\/span><\/a><\/p>\n","protected":false},"author":579,"featured_media":0,"parent":0,"menu_order":4,"comment_status":"closed","ping_status":"closed","template":"","meta":[],"_links":{"self":[{"href":"https:\/\/sites.unipampa.edu.br\/clpalegrete\/index.php?rest_route=\/wp\/v2\/pages\/26"}],"collection":[{"href":"https:\/\/sites.unipampa.edu.br\/clpalegrete\/index.php?rest_route=\/wp\/v2\/pages"}],"about":[{"href":"https:\/\/sites.unipampa.edu.br\/clpalegrete\/index.php?rest_route=\/wp\/v2\/types\/page"}],"author":[{"embeddable":true,"href":"https:\/\/sites.unipampa.edu.br\/clpalegrete\/index.php?rest_route=\/wp\/v2\/users\/579"}],"replies":[{"embeddable":true,"href":"https:\/\/sites.unipampa.edu.br\/clpalegrete\/index.php?rest_route=%2Fwp%2Fv2%2Fcomments&post=26"}],"version-history":[{"count":13,"href":"https:\/\/sites.unipampa.edu.br\/clpalegrete\/index.php?rest_route=\/wp\/v2\/pages\/26\/revisions"}],"predecessor-version":[{"id":190,"href":"https:\/\/sites.unipampa.edu.br\/clpalegrete\/index.php?rest_route=\/wp\/v2\/pages\/26\/revisions\/190"}],"wp:attachment":[{"href":"https:\/\/sites.unipampa.edu.br\/clpalegrete\/index.php?rest_route=%2Fwp%2Fv2%2Fmedia&parent=26"}],"curies":[{"name":"wp","href":"https:\/\/api.w.org\/{rel}","templated":true}]}}