{"id":40,"date":"2019-03-21T21:36:45","date_gmt":"2019-03-22T00:36:45","guid":{"rendered":"https:\/\/sites.unipampa.edu.br\/clpalegrete\/?page_id=40"},"modified":"2022-01-25T14:07:48","modified_gmt":"2022-01-25T17:07:48","slug":"chamadas-internas","status":"publish","type":"page","link":"https:\/\/sites.unipampa.edu.br\/clpalegrete\/?page_id=40","title":{"rendered":"Chamadas internas"},"content":{"rendered":"<p>Anualmente, em meados de mar\u00e7o, a Unipampa costuma lan\u00e7ar chamadas internas de fomento a pesquisa. Entre essas chamadas, as mais importantes s\u00e3o:<\/p>\n<p>Apoio aos Grupos de Pesquisa (AGP): <a href=\"http:\/\/sites.unipampa.edu.br\/propesq\/coordenadorias\/coordenacao-de-iniciacao-cientifica\/agp\/\">http:\/\/sites.unipampa.edu.br\/propesq\/coordenadorias\/coordenacao-de-iniciacao-cientifica\/agp\/<\/a><\/p>\n<p>Programa de Desenvolvimento Acad\u00eamico (PDA): <a href=\"https:\/\/sites.unipampa.edu.br\/pda\/\">https:\/\/sites.unipampa.edu.br\/pda\/<\/a><\/p>\n","protected":false},"excerpt":{"rendered":"<p>Anualmente, em meados de mar\u00e7o, a Unipampa costuma lan\u00e7ar chamadas internas de fomento a pesquisa. Entre essas chamadas, as mais importantes s\u00e3o: Apoio aos Grupos de Pesquisa (AGP): http:\/\/sites.unipampa.edu.br\/propesq\/coordenadorias\/coordenacao-de-iniciacao-cientifica\/agp\/ Programa de Desenvolvimento Acad\u00eamico (PDA): https:\/\/sites.unipampa.edu.br\/pda\/<\/p>\n","protected":false},"author":579,"featured_media":0,"parent":0,"menu_order":6,"comment_status":"closed","ping_status":"closed","template":"","meta":[],"_links":{"self":[{"href":"https:\/\/sites.unipampa.edu.br\/clpalegrete\/index.php?rest_route=\/wp\/v2\/pages\/40"}],"collection":[{"href":"https:\/\/sites.unipampa.edu.br\/clpalegrete\/index.php?rest_route=\/wp\/v2\/pages"}],"about":[{"href":"https:\/\/sites.unipampa.edu.br\/clpalegrete\/index.php?rest_route=\/wp\/v2\/types\/page"}],"author":[{"embeddable":true,"href":"https:\/\/sites.unipampa.edu.br\/clpalegrete\/index.php?rest_route=\/wp\/v2\/users\/579"}],"replies":[{"embeddable":true,"href":"https:\/\/sites.unipampa.edu.br\/clpalegrete\/index.php?rest_route=%2Fwp%2Fv2%2Fcomments&post=40"}],"version-history":[{"count":3,"href":"https:\/\/sites.unipampa.edu.br\/clpalegrete\/index.php?rest_route=\/wp\/v2\/pages\/40\/revisions"}],"predecessor-version":[{"id":222,"href":"https:\/\/sites.unipampa.edu.br\/clpalegrete\/index.php?rest_route=\/wp\/v2\/pages\/40\/revisions\/222"}],"wp:attachment":[{"href":"https:\/\/sites.unipampa.edu.br\/clpalegrete\/index.php?rest_route=%2Fwp%2Fv2%2Fmedia&parent=40"}],"curies":[{"name":"wp","href":"https:\/\/api.w.org\/{rel}","templated":true}]}}