{"id":168,"date":"2018-02-21T08:15:32","date_gmt":"2018-02-21T11:15:32","guid":{"rendered":"https:\/\/sites.unipampa.edu.br\/nupaes\/?page_id=168"},"modified":"2024-09-28T21:53:19","modified_gmt":"2024-09-29T00:53:19","slug":"prof-joao-felipe-p-rezer","status":"publish","type":"page","link":"https:\/\/sites.unipampa.edu.br\/nupaes\/?page_id=168","title":{"rendered":"Prof. Jo\u00e3o Felipe Peres Rezer"},"content":{"rendered":"<p style=\"text-align: center\">Prof.\u00a0 Jo\u00e3o Felipe Peres Rezer<\/p>\n<p style=\"text-align: center\">Curr\u00edculo Lattes:\u00a0<a href=\"http:\/\/lattes.cnpq.br\/1850160240664296\">http:\/\/lattes.cnpq.br\/1850160240664296<\/a><\/p>\n<p style=\"text-align: justify\">Possui gradua\u00e7\u00e3o em Biomedicina pelo Centro Universit\u00e1rio Franciscano (UNIFRA -2011). Especializa\u00e7\u00e3o em Gest\u00e3o de Organiza\u00e7\u00e3o P\u00fablica em Sa\u00fade (UFSM\/CESNORS &#8211; 2014). Mestrado em Ci\u00eancias Biol\u00f3gicas- Bioqu\u00edmica Toxicol\u00f3gica (2013) e Doutorado em Ci\u00eancias Farmac\u00eauticas &#8211; An\u00e1lises Cl\u00ednicas pela Universidade Federal de Santa Maria -RS (2016). \u00c9 professor adjunto, com atua\u00e7\u00e3o no curso de Medicina da Universidade Federal do Pampa (UNIPAMPA, Uruguaiana -RS); eixo de forma\u00e7\u00e3o M\u00e9dica Integrada na \u00e1rea de Patologia e Fisiopatologia. Tem experi\u00eancia em pesquisa nos seguintes temas: Fisiopatologia do HIV\/AIDS, sinaliza\u00e7\u00e3o purin\u00e9rgica e estresse oxidativo.<\/p>\n","protected":false},"excerpt":{"rendered":"<p>Prof.\u00a0 Jo\u00e3o Felipe Peres Rezer Curr\u00edculo Lattes:\u00a0http:\/\/lattes.cnpq.br\/1850160240664296 Possui gradua\u00e7\u00e3o em Biomedicina pelo Centro Universit\u00e1rio Franciscano (UNIFRA -2011). Especializa\u00e7\u00e3o em Gest\u00e3o de Organiza\u00e7\u00e3o P\u00fablica em Sa\u00fade (UFSM\/CESNORS &#8211; 2014). Mestrado em Ci\u00eancias Biol\u00f3gicas- Bioqu\u00edmica Toxicol\u00f3gica (2013) e Doutorado em Ci\u00eancias Farmac\u00eauticas &#8211; An\u00e1lises Cl\u00ednicas pela Universidade Federal de Santa Maria -RS (2016). \u00c9 professor adjunto, com &hellip; <a href=\"https:\/\/sites.unipampa.edu.br\/nupaes\/?page_id=168\" class=\"more-link\">Continue lendo <span class=\"screen-reader-text\">Prof. Jo\u00e3o Felipe Peres Rezer<\/span> <span class=\"meta-nav\">&rarr;<\/span><\/a><\/p>\n","protected":false},"author":506,"featured_media":0,"parent":0,"menu_order":0,"comment_status":"closed","ping_status":"closed","template":"","meta":[],"_links":{"self":[{"href":"https:\/\/sites.unipampa.edu.br\/nupaes\/index.php?rest_route=\/wp\/v2\/pages\/168"}],"collection":[{"href":"https:\/\/sites.unipampa.edu.br\/nupaes\/index.php?rest_route=\/wp\/v2\/pages"}],"about":[{"href":"https:\/\/sites.unipampa.edu.br\/nupaes\/index.php?rest_route=\/wp\/v2\/types\/page"}],"author":[{"embeddable":true,"href":"https:\/\/sites.unipampa.edu.br\/nupaes\/index.php?rest_route=\/wp\/v2\/users\/506"}],"replies":[{"embeddable":true,"href":"https:\/\/sites.unipampa.edu.br\/nupaes\/index.php?rest_route=%2Fwp%2Fv2%2Fcomments&post=168"}],"version-history":[{"count":6,"href":"https:\/\/sites.unipampa.edu.br\/nupaes\/index.php?rest_route=\/wp\/v2\/pages\/168\/revisions"}],"predecessor-version":[{"id":470,"href":"https:\/\/sites.unipampa.edu.br\/nupaes\/index.php?rest_route=\/wp\/v2\/pages\/168\/revisions\/470"}],"wp:attachment":[{"href":"https:\/\/sites.unipampa.edu.br\/nupaes\/index.php?rest_route=%2Fwp%2Fv2%2Fmedia&parent=168"}],"curies":[{"name":"wp","href":"https:\/\/api.w.org\/{rel}","templated":true}]}}