{"id":182,"date":"2018-02-21T09:01:53","date_gmt":"2018-02-21T12:01:53","guid":{"rendered":"https:\/\/sites.unipampa.edu.br\/nupaes\/?page_id=182"},"modified":"2024-09-28T21:52:11","modified_gmt":"2024-09-29T00:52:11","slug":"prof-edward-frederico-castro-pessano","status":"publish","type":"page","link":"https:\/\/sites.unipampa.edu.br\/nupaes\/?page_id=182","title":{"rendered":"Prof. Edward Frederico Castro Pessano"},"content":{"rendered":"<p style=\"text-align: center\">Prof. Edward Frederico Castro Pessano<\/p>\n<p style=\"text-align: center\"><a href=\"http:\/\/lattes.cnpq.br\/2760002240063004\">Curr\u00edculo Lattes: http:\/\/lattes.cnpq.br\/2760002240063004<\/a><\/p>\n<p style=\"text-align: justify\">Graduado em Ci\u00eancias Biol\u00f3gicas pela PUCRS em 2003, Especialista em Educa\u00e7\u00e3o Ambiental pela FACISA em 2005 e Mestre e Doutor em Educa\u00e7\u00e3o em Ci\u00eancias pela UFSM. Atualmente \u00e9 Professor na Funda\u00e7\u00e3o Universidade Federal do Pampa. Tem forma\u00e7\u00e3o na \u00e1rea da Educa\u00e7\u00e3o, Ensino de Ci\u00eancias, Biologia, Ecologia e Zoologia. Atua principalmente estudos de educa\u00e7\u00e3o ambiental, ensino de ci\u00eancias, biologia, ecologia e de din\u00e2mica populacional. Na Unipampa \u00e9 respons\u00e1vel pelo Laborat\u00f3rio de Biologia e Diversidade Animal &#8211; LBDA, atuando no N\u00facleo de Pesquisas Ictiol\u00f3gicas, Limnol\u00f3gicas e Aquicultura da Bacia do Rio Uruguai (NUPILABRU), Grupo de Estudos em Nutri\u00e7\u00e3o, Sa\u00fade e Qualidade de Vida (GENSQ) e no Grupo de A\u00e7\u00e3o Interdisciplinar Aplicada (UNIGAIA), desenvolvendo a\u00e7\u00f5es relacionadas a Capacita\u00e7\u00e3o, Educa\u00e7\u00e3o e Extens\u00e3o para Pescadores, Alunos e Professores da Educa\u00e7\u00e3o B\u00e1sica. Atualmente \u00e9 Professor Colaborador do Programa de P\u00f3s-Gradua\u00e7\u00e3o em Educa\u00e7\u00e3o em Ci\u00eancias, Qu\u00edmica da Vida e Sa\u00fade da Universidade Federal de Santa Maria.<\/p>\n","protected":false},"excerpt":{"rendered":"<p>Prof. Edward Frederico Castro Pessano Curr\u00edculo Lattes: http:\/\/lattes.cnpq.br\/2760002240063004 Graduado em Ci\u00eancias Biol\u00f3gicas pela PUCRS em 2003, Especialista em Educa\u00e7\u00e3o Ambiental pela FACISA em 2005 e Mestre e Doutor em Educa\u00e7\u00e3o em Ci\u00eancias pela UFSM. Atualmente \u00e9 Professor na Funda\u00e7\u00e3o Universidade Federal do Pampa. Tem forma\u00e7\u00e3o na \u00e1rea da Educa\u00e7\u00e3o, Ensino de Ci\u00eancias, Biologia, Ecologia e &hellip; <a href=\"https:\/\/sites.unipampa.edu.br\/nupaes\/?page_id=182\" class=\"more-link\">Continue lendo <span class=\"screen-reader-text\">Prof. Edward Frederico Castro Pessano<\/span> <span class=\"meta-nav\">&rarr;<\/span><\/a><\/p>\n","protected":false},"author":506,"featured_media":0,"parent":0,"menu_order":0,"comment_status":"closed","ping_status":"closed","template":"","meta":[],"_links":{"self":[{"href":"https:\/\/sites.unipampa.edu.br\/nupaes\/index.php?rest_route=\/wp\/v2\/pages\/182"}],"collection":[{"href":"https:\/\/sites.unipampa.edu.br\/nupaes\/index.php?rest_route=\/wp\/v2\/pages"}],"about":[{"href":"https:\/\/sites.unipampa.edu.br\/nupaes\/index.php?rest_route=\/wp\/v2\/types\/page"}],"author":[{"embeddable":true,"href":"https:\/\/sites.unipampa.edu.br\/nupaes\/index.php?rest_route=\/wp\/v2\/users\/506"}],"replies":[{"embeddable":true,"href":"https:\/\/sites.unipampa.edu.br\/nupaes\/index.php?rest_route=%2Fwp%2Fv2%2Fcomments&post=182"}],"version-history":[{"count":3,"href":"https:\/\/sites.unipampa.edu.br\/nupaes\/index.php?rest_route=\/wp\/v2\/pages\/182\/revisions"}],"predecessor-version":[{"id":469,"href":"https:\/\/sites.unipampa.edu.br\/nupaes\/index.php?rest_route=\/wp\/v2\/pages\/182\/revisions\/469"}],"wp:attachment":[{"href":"https:\/\/sites.unipampa.edu.br\/nupaes\/index.php?rest_route=%2Fwp%2Fv2%2Fmedia&parent=182"}],"curies":[{"name":"wp","href":"https:\/\/api.w.org\/{rel}","templated":true}]}}