{"id":184,"date":"2018-02-21T09:04:01","date_gmt":"2018-02-21T12:04:01","guid":{"rendered":"https:\/\/sites.unipampa.edu.br\/nupaes\/?page_id=184"},"modified":"2024-09-28T21:54:30","modified_gmt":"2024-09-29T00:54:30","slug":"prof-marcus-vinicius-morini-querol","status":"publish","type":"page","link":"https:\/\/sites.unipampa.edu.br\/nupaes\/?page_id=184","title":{"rendered":"Prof. Marcus Vinicius Morini Querol"},"content":{"rendered":"<p style=\"text-align: center\">Prof. Marcus Vinicius Morini Querol<\/p>\n<p style=\"text-align: center\">Curr\u00edculo Lattes: <a href=\"http:\/\/lattes.cnpq.br\/9923685211581446\">http:\/\/lattes.cnpq.br\/9923685211581446<\/a><\/p>\n<p style=\"text-align: justify\">Possui gradua\u00e7\u00e3o em Ci\u00eancias Biol\u00f3gicas pela Pontif\u00edcia Universidade Cat\u00f3lica do Rio Grande do Sul (1994), mestrado em Bioci\u00eancias (Zoologia) pela Pontif\u00edcia Universidade Cat\u00f3lica do Rio Grande do Sul (1998) e doutorado em Bioci\u00eancias (Zoologia) pela Pontif\u00edcia Universidade Cat\u00f3lica do Rio Grande do Sul (2003). Atualmente \u00e9 professor adjunto e l\u00edder de grupo de pesquisa da Universidade Federal do Pampa. Tem experi\u00eancia na \u00e1rea de Zoologia, Piscicultura e Ecologia, com \u00eanfase em Biologia e Ecologia de Ecossistemas, atuando principalmente nos seguintes temas: din\u00e2mica de popula\u00e7\u00f5es \u00edcticas, biologia e ecologia de peixes, ictiologia, piscicultura e limnologia.<\/p>\n","protected":false},"excerpt":{"rendered":"<p>Prof. Marcus Vinicius Morini Querol Curr\u00edculo Lattes: http:\/\/lattes.cnpq.br\/9923685211581446 Possui gradua\u00e7\u00e3o em Ci\u00eancias Biol\u00f3gicas pela Pontif\u00edcia Universidade Cat\u00f3lica do Rio Grande do Sul (1994), mestrado em Bioci\u00eancias (Zoologia) pela Pontif\u00edcia Universidade Cat\u00f3lica do Rio Grande do Sul (1998) e doutorado em Bioci\u00eancias (Zoologia) pela Pontif\u00edcia Universidade Cat\u00f3lica do Rio Grande do Sul (2003). Atualmente \u00e9 professor &hellip; <a href=\"https:\/\/sites.unipampa.edu.br\/nupaes\/?page_id=184\" class=\"more-link\">Continue lendo <span class=\"screen-reader-text\">Prof. Marcus Vinicius Morini Querol<\/span> <span class=\"meta-nav\">&rarr;<\/span><\/a><\/p>\n","protected":false},"author":506,"featured_media":0,"parent":0,"menu_order":0,"comment_status":"closed","ping_status":"closed","template":"","meta":[],"_links":{"self":[{"href":"https:\/\/sites.unipampa.edu.br\/nupaes\/index.php?rest_route=\/wp\/v2\/pages\/184"}],"collection":[{"href":"https:\/\/sites.unipampa.edu.br\/nupaes\/index.php?rest_route=\/wp\/v2\/pages"}],"about":[{"href":"https:\/\/sites.unipampa.edu.br\/nupaes\/index.php?rest_route=\/wp\/v2\/types\/page"}],"author":[{"embeddable":true,"href":"https:\/\/sites.unipampa.edu.br\/nupaes\/index.php?rest_route=\/wp\/v2\/users\/506"}],"replies":[{"embeddable":true,"href":"https:\/\/sites.unipampa.edu.br\/nupaes\/index.php?rest_route=%2Fwp%2Fv2%2Fcomments&post=184"}],"version-history":[{"count":2,"href":"https:\/\/sites.unipampa.edu.br\/nupaes\/index.php?rest_route=\/wp\/v2\/pages\/184\/revisions"}],"predecessor-version":[{"id":472,"href":"https:\/\/sites.unipampa.edu.br\/nupaes\/index.php?rest_route=\/wp\/v2\/pages\/184\/revisions\/472"}],"wp:attachment":[{"href":"https:\/\/sites.unipampa.edu.br\/nupaes\/index.php?rest_route=%2Fwp%2Fv2%2Fmedia&parent=184"}],"curies":[{"name":"wp","href":"https:\/\/api.w.org\/{rel}","templated":true}]}}