{"id":197,"date":"2018-02-21T09:42:12","date_gmt":"2018-02-21T12:42:12","guid":{"rendered":"https:\/\/sites.unipampa.edu.br\/nupaes\/?page_id=197"},"modified":"2024-09-28T21:57:52","modified_gmt":"2024-09-29T00:57:52","slug":"profa-shana-hastenpflug-wottrich","status":"publish","type":"page","link":"https:\/\/sites.unipampa.edu.br\/nupaes\/?page_id=197","title":{"rendered":"Profa. Shana Hastenpflug Wottrich"},"content":{"rendered":"<p style=\"text-align: center\">Profa. Shana Hastenpflug Wottrich<\/p>\n<p style=\"text-align: center\">Curr\u00edculo lattes:\u00a0<a href=\"http:\/\/lattes.cnpq.br\/3576679614859329\">http:\/\/lattes.cnpq.br\/3576679614859329<\/a><\/p>\n<p style=\"text-align: center\">\n<p style=\"text-align: justify\">Possui gradua\u00e7\u00e3o em psicologia pela Universidade Federal de Santa Maria (2006) e especializa\u00e7\u00e3o em cardiologia pelo Programa de Resid\u00eancia Multiprofissional Integrada do Instituto de Cardiologia do RS\/Funda\u00e7\u00e3o Universit\u00e1ria de Cardiologia (2008). \u00c9 mestre pelo Programa de P\u00f3s-gradua\u00e7\u00e3o em Psicologia da UFSM (\u00e1rea de concentra\u00e7\u00e3o: Psicologia da Sa\u00fade) (2011) e Doutora em Psicologia pelo Programa de P\u00f3s-Gradua\u00e7\u00e3o em Psicologia da UFSC (2016), sendo parte do doutorado realizado na modalidade Sandu\u00edche, junto \u00e0 Escola de Psicologia da Universidade do Minho (Portugal). Foi professora substituta do Departamento de Psicologia da UFSM de 2010 a 2011 e tutora e preceptora de N\u00facleo do Programa de Resid\u00eancia Multiprofissional Integrada em Sistema P\u00fablico de Sa\u00fade-UFSM, de 2009 a 2011. Atualmente, \u00e9 professora assistente do Curso de Medicina da Universidade Federal do Pampa, campus Uruguaiana e tutora do PET Sa\u00fade\/GraduaSUS. Como \u00e1reas de interesse destacam-se Psicologia da Sa\u00fade e Psicologia Hospitalar e suas interfaces com a Sa\u00fade Coletiva.<\/p>\n","protected":false},"excerpt":{"rendered":"<p>Profa. Shana Hastenpflug Wottrich Curr\u00edculo lattes:\u00a0http:\/\/lattes.cnpq.br\/3576679614859329 Possui gradua\u00e7\u00e3o em psicologia pela Universidade Federal de Santa Maria (2006) e especializa\u00e7\u00e3o em cardiologia pelo Programa de Resid\u00eancia Multiprofissional Integrada do Instituto de Cardiologia do RS\/Funda\u00e7\u00e3o Universit\u00e1ria de Cardiologia (2008). \u00c9 mestre pelo Programa de P\u00f3s-gradua\u00e7\u00e3o em Psicologia da UFSM (\u00e1rea de concentra\u00e7\u00e3o: Psicologia da Sa\u00fade) (2011) e &hellip; <a href=\"https:\/\/sites.unipampa.edu.br\/nupaes\/?page_id=197\" class=\"more-link\">Continue lendo <span class=\"screen-reader-text\">Profa. Shana Hastenpflug Wottrich<\/span> <span class=\"meta-nav\">&rarr;<\/span><\/a><\/p>\n","protected":false},"author":506,"featured_media":0,"parent":0,"menu_order":0,"comment_status":"closed","ping_status":"closed","template":"","meta":[],"_links":{"self":[{"href":"https:\/\/sites.unipampa.edu.br\/nupaes\/index.php?rest_route=\/wp\/v2\/pages\/197"}],"collection":[{"href":"https:\/\/sites.unipampa.edu.br\/nupaes\/index.php?rest_route=\/wp\/v2\/pages"}],"about":[{"href":"https:\/\/sites.unipampa.edu.br\/nupaes\/index.php?rest_route=\/wp\/v2\/types\/page"}],"author":[{"embeddable":true,"href":"https:\/\/sites.unipampa.edu.br\/nupaes\/index.php?rest_route=\/wp\/v2\/users\/506"}],"replies":[{"embeddable":true,"href":"https:\/\/sites.unipampa.edu.br\/nupaes\/index.php?rest_route=%2Fwp%2Fv2%2Fcomments&post=197"}],"version-history":[{"count":4,"href":"https:\/\/sites.unipampa.edu.br\/nupaes\/index.php?rest_route=\/wp\/v2\/pages\/197\/revisions"}],"predecessor-version":[{"id":475,"href":"https:\/\/sites.unipampa.edu.br\/nupaes\/index.php?rest_route=\/wp\/v2\/pages\/197\/revisions\/475"}],"wp:attachment":[{"href":"https:\/\/sites.unipampa.edu.br\/nupaes\/index.php?rest_route=%2Fwp%2Fv2%2Fmedia&parent=197"}],"curies":[{"name":"wp","href":"https:\/\/api.w.org\/{rel}","templated":true}]}}