{"id":218,"date":"2018-03-23T08:21:21","date_gmt":"2018-03-23T11:21:21","guid":{"rendered":"https:\/\/sites.unipampa.edu.br\/nupaes\/?page_id=218"},"modified":"2024-09-28T21:53:57","modified_gmt":"2024-09-29T00:53:57","slug":"prof-lucas-pitrez-mocellin","status":"publish","type":"page","link":"https:\/\/sites.unipampa.edu.br\/nupaes\/?page_id=218","title":{"rendered":"Prof. Lucas Pitrez Mocellin"},"content":{"rendered":"<p style=\"text-align: center\">Prof. Lucas Pitrez Mocellin<\/p>\n<p style=\"text-align: center\"><a href=\"http:\/\/lattes.cnpq.br\/4407288926136516\">Curr\u00edculo Lattes: http:\/\/lattes.cnpq.br\/4407288926136516<\/a><\/p>\n<p style=\"text-align: justify\">Professor de Epidemiologia e Bioestat\u00edstica da Universidade Federal do Pampa (UNIPAMPA). Possui Doutorado em Epidemiologia pela Universidade Federal do Rio Grande do Sul (UFRGS, 2016), Mestrado em Epidemiologia pela Universidade Federal do Rio Grande do Sul (UFRGS, 2012) e gradua\u00e7\u00e3o em Biomedicina pela Universidade Federal de Ci\u00eancias da Sa\u00fade de Porto Alegre (UFCSPA, 2008). Atua como pesquisador em estudos relacionados \u00e0 tem\u00e1tica do HIV\/Aids.<\/p>\n","protected":false},"excerpt":{"rendered":"<p>Prof. Lucas Pitrez Mocellin Curr\u00edculo Lattes: http:\/\/lattes.cnpq.br\/4407288926136516 Professor de Epidemiologia e Bioestat\u00edstica da Universidade Federal do Pampa (UNIPAMPA). Possui Doutorado em Epidemiologia pela Universidade Federal do Rio Grande do Sul (UFRGS, 2016), Mestrado em Epidemiologia pela Universidade Federal do Rio Grande do Sul (UFRGS, 2012) e gradua\u00e7\u00e3o em Biomedicina pela Universidade Federal de Ci\u00eancias da &hellip; <a href=\"https:\/\/sites.unipampa.edu.br\/nupaes\/?page_id=218\" class=\"more-link\">Continue lendo <span class=\"screen-reader-text\">Prof. Lucas Pitrez Mocellin<\/span> <span class=\"meta-nav\">&rarr;<\/span><\/a><\/p>\n","protected":false},"author":506,"featured_media":0,"parent":0,"menu_order":0,"comment_status":"closed","ping_status":"closed","template":"","meta":[],"_links":{"self":[{"href":"https:\/\/sites.unipampa.edu.br\/nupaes\/index.php?rest_route=\/wp\/v2\/pages\/218"}],"collection":[{"href":"https:\/\/sites.unipampa.edu.br\/nupaes\/index.php?rest_route=\/wp\/v2\/pages"}],"about":[{"href":"https:\/\/sites.unipampa.edu.br\/nupaes\/index.php?rest_route=\/wp\/v2\/types\/page"}],"author":[{"embeddable":true,"href":"https:\/\/sites.unipampa.edu.br\/nupaes\/index.php?rest_route=\/wp\/v2\/users\/506"}],"replies":[{"embeddable":true,"href":"https:\/\/sites.unipampa.edu.br\/nupaes\/index.php?rest_route=%2Fwp%2Fv2%2Fcomments&post=218"}],"version-history":[{"count":4,"href":"https:\/\/sites.unipampa.edu.br\/nupaes\/index.php?rest_route=\/wp\/v2\/pages\/218\/revisions"}],"predecessor-version":[{"id":471,"href":"https:\/\/sites.unipampa.edu.br\/nupaes\/index.php?rest_route=\/wp\/v2\/pages\/218\/revisions\/471"}],"wp:attachment":[{"href":"https:\/\/sites.unipampa.edu.br\/nupaes\/index.php?rest_route=%2Fwp%2Fv2%2Fmedia&parent=218"}],"curies":[{"name":"wp","href":"https:\/\/api.w.org\/{rel}","templated":true}]}}