{"id":31,"date":"2018-02-05T14:47:16","date_gmt":"2018-02-05T16:47:16","guid":{"rendered":"https:\/\/sites.unipampa.edu.br\/nupaes\/?page_id=31"},"modified":"2025-12-03T19:14:15","modified_gmt":"2025-12-03T22:14:15","slug":"sobre","status":"publish","type":"page","link":"https:\/\/sites.unipampa.edu.br\/nupaes\/?page_id=31","title":{"rendered":"Sobre"},"content":{"rendered":"<blockquote>\n<p style=\"text-align: center\">\u201cSomos o que fazemos, mas somos, principalmente, o que fazemos para mudar o que somos.\u201d\u00a0 \u00a0 Eduardo Galeano<\/p>\n<\/blockquote>\n<p><img decoding=\"async\" loading=\"lazy\" class=\"wp-image-9 aligncenter\" src=\"https:\/\/sites.unipampa.edu.br\/nupaes\/files\/2018\/01\/img_8054.jpg\" alt=\"\" width=\"490\" height=\"242\" \/><\/p>\n<p style=\"text-align: center\">Nossos t\u00f3picos centrais de interesse envolvem:<\/p>\n<p style=\"text-align: center\">SA\u00daDE<\/p>\n<p style=\"text-align: center\">EDUCA\u00c7\u00c3O<\/p>\n<p style=\"text-align: center\">MEIO AMBIENTE<\/p>\n","protected":false},"excerpt":{"rendered":"<p>\u201cSomos o que fazemos, mas somos, principalmente, o que fazemos para mudar o que somos.\u201d\u00a0 \u00a0 Eduardo Galeano Nossos t\u00f3picos centrais de interesse envolvem: SA\u00daDE EDUCA\u00c7\u00c3O MEIO AMBIENTE<\/p>\n","protected":false},"author":506,"featured_media":0,"parent":0,"menu_order":0,"comment_status":"closed","ping_status":"closed","template":"","meta":[],"_links":{"self":[{"href":"https:\/\/sites.unipampa.edu.br\/nupaes\/index.php?rest_route=\/wp\/v2\/pages\/31"}],"collection":[{"href":"https:\/\/sites.unipampa.edu.br\/nupaes\/index.php?rest_route=\/wp\/v2\/pages"}],"about":[{"href":"https:\/\/sites.unipampa.edu.br\/nupaes\/index.php?rest_route=\/wp\/v2\/types\/page"}],"author":[{"embeddable":true,"href":"https:\/\/sites.unipampa.edu.br\/nupaes\/index.php?rest_route=\/wp\/v2\/users\/506"}],"replies":[{"embeddable":true,"href":"https:\/\/sites.unipampa.edu.br\/nupaes\/index.php?rest_route=%2Fwp%2Fv2%2Fcomments&post=31"}],"version-history":[{"count":4,"href":"https:\/\/sites.unipampa.edu.br\/nupaes\/index.php?rest_route=\/wp\/v2\/pages\/31\/revisions"}],"predecessor-version":[{"id":587,"href":"https:\/\/sites.unipampa.edu.br\/nupaes\/index.php?rest_route=\/wp\/v2\/pages\/31\/revisions\/587"}],"wp:attachment":[{"href":"https:\/\/sites.unipampa.edu.br\/nupaes\/index.php?rest_route=%2Fwp%2Fv2%2Fmedia&parent=31"}],"curies":[{"name":"wp","href":"https:\/\/api.w.org\/{rel}","templated":true}]}}