{"id":50,"date":"2018-02-05T14:58:56","date_gmt":"2018-02-05T16:58:56","guid":{"rendered":"https:\/\/sites.unipampa.edu.br\/nupaes\/?page_id=50"},"modified":"2018-02-08T22:38:13","modified_gmt":"2018-02-09T00:38:13","slug":"pesquisadores","status":"publish","type":"page","link":"https:\/\/sites.unipampa.edu.br\/nupaes\/?page_id=50","title":{"rendered":"Pesquisadores"},"content":{"rendered":"<p>L\u00edder do grupo de pesquisa:\u00a0 Prof\u00aa Marilyn Urrutia-Pereira    <\/p>\n<p>Possui gradua\u00e7\u00e3o em Medicina pela Universidade Nacional de C\u00f3rdoba (1977), Revalidado na Universidade Federal de Pelotas (1980).<br \/>\nResid\u00eancia Medica em Pediatria,Hospital da Crian\u00e7a Concei\u00e7\u00e3o, PoA RS (1880-81). Titulo de Especialista em Pediatria pela Sociedade Brasileira de Pediatria (1994). Pos- Gradua\u00e7\u00e3o em Sa\u00fade do Adolescente na Universidade Luterana do Brasil (1995).                        Mestrado em Medicina\/Pediatra e Sa\u00fade da Crian\u00e7a pela Pontif\u00edcia Universidade Cat\u00f3lica do RS (2005).<br \/>\nDoutorado em Medicina\/Pediatra e Sa\u00fade da Crian\u00e7a pela Pontificia Universidade Cat\u00f3lica do RS (2007).<br \/>\nCoordenadora do Programa Infantil de Preven\u00e7\u00e3o de Asma (PIPA).               Professora Adjunta do Curso de Medicina da Universidade Federal do Pampa (UNIPAMPA). L\u00edder do N\u00facleo de Pesquisa: Ambiente e Educa\u00e7\u00e3o em Sa\u00fade-NUPAES (Core Research Environment and Health Education).<br \/>\nMembro do Comit\u00e9 de Asma Pedi\u00e1trica da GARD\/WHO (Global Alliance Againt Chronic Respiratory Diseases)<br \/>\nMembro do Comit\u00e9 Mundial de Asma Pedi\u00e1trica da WAO (World Allergy Organization). Membro do Comit\u00e9 de Asma da Sociedade Latino-americana de Alergia, Asma e Imunologia (SLAAI).<br \/>\nMembro do Departamento de Pol\u00edticas P\u00fablicas da Associa\u00e7\u00e3o Brasileira de Alergia e Imunologia (ASBAI)<\/p>\n<p>Curr\u00edculo Lattes:\u00a0<a href=\"http:\/\/lattes.cnpq.br\/4501105206228349\">http:\/\/lattes.cnpq.br\/4501105206228349<\/a><\/p>\n<p>&nbsp;<\/p>\n<p>Prof.\u00a0 Jo\u00e3o Felipe Peres Rezer<\/p>\n<p>Curr\u00edculo Lattes:\u00a0<a href=\"http:\/\/lattes.cnpq.br\/1850160240664296\">http:\/\/lattes.cnpq.br\/1850160240664296<\/a><\/p>\n<p>&nbsp;<\/p>\n<p>Prof. Lucas Pitrez Mocellin<\/p>\n<p>Curr\u00edculo Lattes: <a href=\"http:\/\/lattes.cnpq.br\/4407288926136516\">http:\/\/lattes.cnpq.br\/4407288926136516<\/a><\/p>\n<p>INICIA\u00c7\u00c3O CIENT\u00cdFICA:<\/p>\n<p>LAURA SIMON<\/p>\n<p>PIETRO RINELLI<\/p>\n<p>RAFAEL BITTENCOURT DE OLIVEIRA<\/p>\n<p>FILIPE VASCONCELOS<\/p>\n<p>THIAGO FUKUDA<\/p>\n<p>LUCAS SCOTT<\/p>\n<p>VICTOR RAGUZZONI<\/p>\n<p>TANIZE AUR\u00c9LIO<\/p>\n<p>LUIZA BRUM<\/p>\n<p>COLABORADORES EXTERNOS<\/p>\n<p>Prof DIRCEU SOL\u00c9<\/p>\n<p>Graduado em Medicina pela Escola Paulista de Medicina, atual Universidade Federal de S\u00e3o Paulo defendeu o Doutorado em Medicina em 1987 na mesma institui\u00e7\u00e3o. Obteve o t\u00edtulo de Professor Livre-docente pela Universidade Federal de S\u00e3o Paulo na \u00e1rea de Alergia, Imunologia Cl\u00ednica e Reumatologia em 1997. Foi admitido como orientador do Curso de P\u00f3s-gradua\u00e7\u00e3o em Pediatria e Ci\u00eancias Aplicadas \u00e0 Pediatria em 1989. Obteve o t\u00edtulo de Especialista em Pediatria junto \u00e0 Sociedade Brasileira de Pediatria e a Associa\u00e7\u00e3o M\u00e9dica Brasileira em 1978 e de Alergia e Imunopatologia junto \u00e0 Associa\u00e7\u00e3o Brasileira de Alergia e Imunopatologia e a Associa\u00e7\u00e3o M\u00e9dica Brasileira em 1988. Assumiu o cargo de Professor colaborador do Departamento de Pediatria em 1979 e atualmente \u00e9 Professor Titular da Disciplina de Alergia, Imunologia Cl\u00ednica e Reumatologia do Departamento de Pediatria da Universidade Federal de S\u00e3o Paulo desde 1999. \u00c9 chefe do setor de Alergia e Imunologia Cl\u00ednica da Disciplina de Alergia, Imunologia Cl\u00ednica e Reumatologia do Departamento de Pediatria da UNIFESP desde 1990. Membro da Comiss\u00e3o de P\u00f3s-gradua\u00e7\u00e3o em Pediatria e Ci\u00eancias Aplicadas \u00e0 Pediatria desde 1998. Coordenador do Curso de P\u00f3s-gradua\u00e7\u00e3o em Pediatria e Ci\u00eancias Aplicadas \u00e0 Pediatria (2014).Linhas de pesquisa: Epidemiologia da Asma e Doen\u00e7as Al\u00e9rgicas; Epidemiologia e fatores de risco para sibil\u00e2ncia em crian\u00e7as no primeiro ano de vida; Fun\u00e7\u00e3o pulmonar no lactente; Caracteriza\u00e7\u00e3o da asma em crian\u00e7as expostas a diferentes condi\u00e7\u00f5es ambientais. <\/p>\n<p>PROJETO TRACK<br \/>\nProf. GUSTAVO FALBO WANDALSEN <\/p>\n<p>Possui gradua\u00e7\u00e3o em Medicina pela Universidade Estadual de Campinas (1995), mestrado em Pediatria e Ci\u00eancias Aplicadas \u00e0 Pediatria pela Universidade Federal de S\u00e3o Paulo (2003), doutorado em Pediatria e Ci\u00eancias Aplicadas \u00e0 Pediatria pela Universidade Federal de S\u00e3o Paulo (2008) e realizou P\u00f3s-doutorado na Disciplina de Alergia, Imunologia Cl\u00ednica e Reumatologia (2009). Atualmente \u00e9 Professor Adjunto da Disciplina de Alergia, Imunologia Cl\u00ednica e Reumatologia do Departamento de Pediatria (2011) e possui o t\u00edtulo de Professor Afiliado pela Universidade Federal de S\u00e3o Paulo. Tem experi\u00eancia na \u00e1rea de Medicina, com \u00eanfase em Alergia e Imunologia Cl\u00ednica, atuando principalmente nos seguintes temas: espirometria, preval\u00eancia, sibil\u00e2ncia recorrente, epidemiologia e hiperreatividade br\u00f4nquios.<\/p>\n<p>PROJETO ARIA<br \/>\nPROF. ALVARO A CRUZ<br \/>\nGraduado pela Faculdade de Medicina da Bahia &#8211; Universidade Federal da Bahia (FMB UFBA) em 1979, concluiu mestrado e doutorado na UFBA e p\u00f3s-doutorado na Universidade Johns Hopkins &#8211; EUA (1990). Professor Titular da Faculdade de Medicina da Bahia, Pesquisador 1B do CNPq e Coordenador do ProAR &#8211; N\u00facleo de Excel\u00eancia em Asma da UFBA (Edital PRONEX 2009). \u00c9 membro dos conselhos diretores da Inciativa Global contra a Asma (GINA) e da Iniciativa ARIA (Allergic Rhinitis and its Impact on Asthma). \u00c9 membro do Grupo de Planejamento da Alian\u00e7a Global contra Doen\u00e7as Respirat\u00f3rias Cr\u00f4nicas (GARD)\/OMS e Vice-Chair do Comit\u00ea Internacional da American Thoracic Society. Iniciou na Bahia o Programa para o Controle da Asma (ProAR)<\/p>\n<p>PROF ODETE MESSA TORRES<br \/>\nPossui Gradua\u00e7\u00e3o em Enfermagem pela Universidade Federal do Rio Grande do Sul (2003), Mestrado Profissionalizante em Sa\u00fade Coletiva com \u00eanfase em Gest\u00e3o de Sistemas e Servi\u00e7os de Sa\u00fade pelo Instituto de Sa\u00fade Coletiva da Universidade Federal da Bahia\/UFBA (2005), Especializa\u00e7\u00e3o em Ativa\u00e7\u00e3o Processos de Mudan\u00e7a na Forma\u00e7\u00e3o Superior pela Escola Nacional de Sa\u00fade P\u00fablica (ENSP) (2009), Doutorado em Ci\u00eancias da Sa\u00fade pela Escola de Enfermagem da Universidade Federal de S\u00e3o Paulo (2015) e Especializa\u00e7\u00e3o em Preceptoria no Sistema \u00danico de Sa\u00fade pelo Hospital S\u00edrio-Liban\u00eas. <\/p>\n<p>PROF RAQUELI ALTAMIRANDA BITTENCOURT<br \/>\nPossui gradua\u00e7\u00e3o em Farm\u00e1cia e Bioqu\u00edmica pela Universidade Cat\u00f3lica de Pelotas (2001) e Mestrado em Sa\u00fade P\u00fablica Baseada em Evid\u00eancias pelo Programa de P\u00f3s-Gradua\u00e7\u00e3o em Epidemiologia da Universidade Federal de Pelotas (2014). Preceptora do Programa de Resid\u00eancia Integrada Multiprofissional em Sa\u00fade Mental Coletiva da Universidade Federal do Pampa e Professora Substituta no Curso de Farm\u00e1cia na Universidade Federal do Pampa, ministrando as disciplinas de Fisiologia Geral, Aten\u00e7\u00e3o Farmac\u00eautica, Farm\u00e1cia Hospitalar e Administra\u00e7\u00e3o e Gest\u00e3o Farmac\u00eautica. <\/p>\n<p>PROJETO GAN<br \/>\nPROJETO TABAGISMO NA ESCOLA<br \/>\nVIN\u00cdCIUS JARDIM OLIANO<br \/>\nPossui gradua\u00e7\u00e3o em Educa\u00e7\u00e3o F\u00edsica pela Universidade da Regi\u00e3o da Campanha (2006). Gradua\u00e7\u00e3o em fisioterapia pela Universidade Federal do Pampa (2016). <\/p>\n<p>PROJETO TRACK<br \/>\nPROGRAMA ASMA NA ESCOLA<br \/>\nJENNIFER D&#8217;AVILA<br \/>\nPossui gradua\u00e7\u00e3o em Enfermagem pela Universidade Federal do Pampa<\/p>\n<p>COLABORADORES ESTRANGEIROS:<\/p>\n<p>PROJETO GAN:<\/p>\n<p>PROF. PHILIPPA ELLWOOD<br \/>\nGlobal Asthma Network Research Manager<br \/>\nGAN Steering Group and Executive Member Department of Paediatrics: Child and Youth Health, Faculty of Medical and Health Sciences<br \/>\nThe University of Auckland<\/p>\n<p>PROF. LUIS GARC\u00cdA-MARCOS<br \/>\nProfessor of Paediatrics<br \/>\nResearch Unit. Department of Paediatrics.<br \/>\n&#8216;Virgen de la Arrixaca&#8217; University Children&#8217;s Hospital<br \/>\nUniversity of Murcia<br \/>\nPabell\u00f3n Docente Universitario,<br \/>\nEl Palmar. Murcia Spain<\/p>\n<p>PROJETO TABAGISMO NO ADOLESCENTE:<\/p>\n<p>PROF H\u00c9CTOR BADELLINO<br \/>\nUCES University San Francisco- C\u00f3rdoba, Argentina<\/p>\n<p>DRA. VER\u00d3NICA ACOSTA<br \/>\nClinica del Pilares, Corrientes, Argentina<\/p>\n<p>PROF. RA\u00daL CASTRO-ALMARALES<br \/>\nPoliclinico Docente \u201cPedro Fonseca Alvarez\u201d, Havana, Cuba<\/p>\n<p>PROF. MARTA GONZ\u00c1LEZ LE\u00d3N<br \/>\nPoliclinico Docente \u201cPedro Fonseca Alvarez\u201d, Havana, Cuba <\/p>\n<p>DR. JUAN CARLOS SISUL ALVARIZA<br \/>\nClinica de Alergia y Asma, Asunci\u00f3n, Paraguay<\/p>\n<p>DR. MIGUEL MEDINA AVALOS<br \/>\nAllergy Service of the Hospital ISSSTE, Veracruz, Mexico<\/p>\n<p>DRA. CAROLINA FERNANDES<br \/>\nCl\u00ednica INMUNE CDE,, Ciudad Del Este, Paraguay<\/p>\n<p>DRA. MARYLIN VALENTIA-ROSTAN<br \/>\nPereira Rossell Hospital, Division of Pediatric Allergy, Montevideo, Uruguay<\/p>\n","protected":false},"excerpt":{"rendered":"<p>L\u00edder do grupo de pesquisa:\u00a0 Prof\u00aa Marilyn Urrutia-Pereira Possui gradua\u00e7\u00e3o em Medicina pela Universidade Nacional de C\u00f3rdoba (1977), Revalidado na Universidade Federal de Pelotas (1980). Resid\u00eancia Medica em Pediatria,Hospital da Crian\u00e7a Concei\u00e7\u00e3o, PoA RS (1880-81). Titulo de Especialista em Pediatria pela Sociedade Brasileira de Pediatria (1994). Pos- Gradua\u00e7\u00e3o em Sa\u00fade do Adolescente na Universidade Luterana &hellip; <a href=\"https:\/\/sites.unipampa.edu.br\/nupaes\/?page_id=50\" class=\"more-link\">Continue lendo <span class=\"screen-reader-text\">Pesquisadores<\/span> <span class=\"meta-nav\">&rarr;<\/span><\/a><\/p>\n","protected":false},"author":506,"featured_media":0,"parent":0,"menu_order":0,"comment_status":"closed","ping_status":"closed","template":"","meta":[],"_links":{"self":[{"href":"https:\/\/sites.unipampa.edu.br\/nupaes\/index.php?rest_route=\/wp\/v2\/pages\/50"}],"collection":[{"href":"https:\/\/sites.unipampa.edu.br\/nupaes\/index.php?rest_route=\/wp\/v2\/pages"}],"about":[{"href":"https:\/\/sites.unipampa.edu.br\/nupaes\/index.php?rest_route=\/wp\/v2\/types\/page"}],"author":[{"embeddable":true,"href":"https:\/\/sites.unipampa.edu.br\/nupaes\/index.php?rest_route=\/wp\/v2\/users\/506"}],"replies":[{"embeddable":true,"href":"https:\/\/sites.unipampa.edu.br\/nupaes\/index.php?rest_route=%2Fwp%2Fv2%2Fcomments&post=50"}],"version-history":[{"count":13,"href":"https:\/\/sites.unipampa.edu.br\/nupaes\/index.php?rest_route=\/wp\/v2\/pages\/50\/revisions"}],"predecessor-version":[{"id":154,"href":"https:\/\/sites.unipampa.edu.br\/nupaes\/index.php?rest_route=\/wp\/v2\/pages\/50\/revisions\/154"}],"wp:attachment":[{"href":"https:\/\/sites.unipampa.edu.br\/nupaes\/index.php?rest_route=%2Fwp%2Fv2%2Fmedia&parent=50"}],"curies":[{"name":"wp","href":"https:\/\/api.w.org\/{rel}","templated":true}]}}