{"id":72,"date":"2018-02-07T10:00:33","date_gmt":"2018-02-07T12:00:33","guid":{"rendered":"https:\/\/sites.unipampa.edu.br\/nupaes\/?page_id=72"},"modified":"2022-03-03T05:11:51","modified_gmt":"2022-03-03T08:11:51","slug":"marilyn-urrutia-pereira","status":"publish","type":"page","link":"https:\/\/sites.unipampa.edu.br\/nupaes\/?page_id=72","title":{"rendered":"Marilyn Urrutia-Pereira"},"content":{"rendered":"<p><a href=\"https:\/\/cdn.publisher.gn1.link\/jornaldepneumologia.com.br\/pdf\/2021_47_5_3577_english.pdf\">Tobacco control in young people and adults: did Brazil do their homework?<\/a><\/p>\n<p>Marilyn Urrutia-Pereira, Herberto Jos\u00e9 Chong-Neto, Dirceu Sol\u00e9<\/p>\n<p>J Bras Pneumol. 2021;47(5)<\/p>\n<p style=\"text-align: justify\"><a href=\"https:\/\/pubmed.ncbi.nlm.nih.gov\/33811358\/\">Management of anaphylaxis due to COVID-19 vaccines in the elderly<\/a><\/p>\n<p style=\"text-align: justify\">Bousquet J, Agache I, Blain H, Jutel M, Ventura MT, Worm M, Del Giacco S, Benetos A, Bilo BM, Czarlewski W, Abdul Latiff AH, Al-Ahmad M, Angier E, Annesi-Maesano I, Atanaskovic-Markovic M, Bachert C, Barbaud A, Bedbrook A, Bennoor KS, Berghea EC, Bindslev-Jensen C, Bonini S, Bosnic-Anticevich S, Brockow K, Brussino L, Camargos P, Canonica GW, Cardona V, Carreiro-Martins P, Carriazo A, Casale T, Caubet JC, Cecchi L, Cherubini A, Christoff G, Chu DK, Cruz AA, Dokic D, El-Gamal Y, Ebisawa M, Eberlein B, Farrell J, Fernandez-Rivas M, Fokkens WJ, Fonseca JA, Gao Y, Gavazzi G, Gawlik R, Gelincik A, Gemicio\u011flu B, Gotua M, Gu\u00e9rin O, Haahtela T, Hoffmann-Sommergruber K, Hoffmann HJ, Hofmann M, Hrubisko M, Illario M, Irani C, Ispayeva Z, Ivancevich JC, Julge K, Kaidashev I, Khaitov M, Knol E, Kraxner H, Kuna P, Kvedariene V, Lauerma A, Le LTT, Le Moing V, Levin M, Louis R, Lourenco O, Mahler V, Martin FC, Matucci A, Milenkovic B, Miot S, Montella E, Morais-Almeida M, Mortz CG, Mullol J, Namazova-Baranova L, Neffen H, Nekam K, Niedoszytko M, Odemyr M, O&#8217;Hehir RE, Okamoto Y, Ollert M, Palomares O, Papadopoulos NG, Panzner P, Passalacqua G, Patella V, Petrovic M, Pfaar O, Pham-Thi N, Plavec D, Popov TA, Recto MT, Regateiro FS, Reynes J, Roller-Winsberger RE, Rolland Y, Romano A, Rondon C, Rottem M, Rouadi PW, Salles N, Samolinski B, Santos AF, S Sarquis F, Sastre J, M G A Schols J, Scichilone N, Sediva A, Shamji MH, Sheikh A, Skypala I, Smolinska S, Sokolowska M, Sousa-Pinto B, Sova M, Stelmach R, Sturm G, Suppli Ulrik C, Todo-Bom AM, Toppila-Salmi S, Tsiligianni I, Torres M, Untersmayr E, Urrutia Pereira M, Valiulis A, Vitte J, Vultaggio A, Wallace D, Walusiak-Skorupa J, Wang DY, Waserman S, Yorgancioglu A, Yusuf OM, Zernotti M, Zidarn M, Chivato T, Akdis CA, Zuberbier T, Klimek L.<\/p>\n<p style=\"text-align: justify\">Allergy. 2021 Oct;76(10):2952-2964.<\/p>\n<p style=\"text-align: justify\"><a href=\"https:\/\/pubmed.ncbi.nlm.nih.gov\/34107753\/\">Prevalence and Determinants of Tobacco Smoking Among Low-Income Urban Adolescents<\/a><\/p>\n<p style=\"text-align: justify\">Javier Mallol, Marilyn Urrutia-Pereira, Manuel J. Mallol-Simmonds,<br \/>\nLucas Caldero\u00b4n-Rodr\u00edguez, Francisco Osses-Vergara, Augusto Matamala-Bezmalinovic<\/p>\n<p style=\"text-align: justify\">PEDIATRIC ALLERGY, IMMUNOLOGY, AND PULMONOLOGY Volume 34, Number 2, 2021<\/p>\n<p style=\"text-align: justify\"><a href=\"https:\/\/pubmed.ncbi.nlm.nih.gov\/32564926\/\">Recurrent wheezing in infancy. Is the tropic different?<\/a><\/p>\n<p style=\"text-align: justify\">Herberto J. Chong-Neto, Wellington Fernando Silva Ferreira, Marilyn Urrutia-Pereira, Dirceu Sol\u00e9,\u00a0 Nelson Augusto Ros\u00e1rio.<\/p>\n<p style=\"text-align: justify\">Ann Allergy Asthma Immunol 125 (2020) 115-116<\/p>\n<p style=\"text-align: justify\"><a href=\"https:\/\/www.elsevier.es\/en-revista-allergologia-et-immunopathologia-105-articulo-covid-19-air-pollution-a-dangerous-S0301054620301099\">COVID-19 and air pollution: A dangerous association?<\/a><\/p>\n<p style=\"text-align: justify\">M. Urrutia-Pereira, C.A. Mello-da-Silva, D. Sol\u00e9<\/p>\n<p style=\"text-align: justify\">Allergol Immunopathol (Madr). 2020.<\/p>\n<p style=\"text-align: justify\"><a href=\"http:\/\/aaai-asbai.org.br\/detalhe_artigo.asp?id=1143\">Preval\u00eancia e fatores associados a sintomas de eczema at\u00f3pico em adolescentes e adultos residentes na Regi\u00e3o Sul do Brasil \u2013 Resultados do Global Asthma Network (GAN)<\/a><\/p>\n<p style=\"text-align: justify\">Marilyn Urrutia-Pereira, Lucas Pitrez Mocellin, Herberto Chong-Neto,<br \/>\nLaura Simon, Pietro Rianelli, Dirceu Sol\u00e9<\/p>\n<p style=\"text-align: justify\">Arq Asma Alerg Imunol \u2013 Vol. 4, N\u00b0 4, 2020<\/p>\n<p style=\"text-align: justify\"><a href=\"https:\/\/pubmed.ncbi.nlm.nih.gov\/32105434\/\">The situation of tobacco control in The Americas. A current vision.<\/a><\/p>\n<p style=\"text-align: justify\">Marilyn Urrutia-Pereira,Herberto Jos\u00e9 Chong-Neto,Dirceu Sol\u00e9<\/p>\n<p style=\"text-align: justify\">Rev Alerg Mex. 2019;66(4):510-513<\/p>\n<p style=\"text-align: justify\"><a href=\"https:\/\/clinmedjournals.org\/articles\/iaphcm\/international-archives-of-public-health-and-community-medicine-iaphcm-3-027.php?jid=iaphcm\">School Education Program in Asthma and Allergic Diseases: PIPA and VIDA in Uruguaiana, Brazil<\/a><\/p>\n<p style=\"text-align: justify\">Marilyn Urrutia-Pereira and Dirceu Sol\u00e9<\/p>\n<p style=\"text-align: justify\">Int Arch Public Health Community Med 3:027<\/p>\n<p style=\"text-align: justify\"><a href=\"http:\/\/aaai-asbai.org.br\/detalhe_artigo.asp?id=1029\">Relat\u00f3rio sobre o controle do tabagismo nas Am\u00e9ricas: qual \u00e9 a realidade no\u00a0Brasil?<\/a><\/p>\n<p style=\"text-align: justify\">Marilyn Urrutia-Pereira; Herberto Jose Chong-Neto; Dirceu Sol\u00e9<\/p>\n<p style=\"text-align: justify\">Arq Asma Alerg Imunol. 2019;3(3):269-74.<\/p>\n<p style=\"text-align: justify\"><a href=\"https:\/\/www.elsevier.es\/en-revista-allergologia-et-immunopathologia-105-articulo-youth-tobacco-use-in-latin-S0301054618301459\">Youth tobacco use in Latin America: What is the real extent of the problem?<\/a><\/p>\n<p style=\"text-align: justify\"><span class=\"elsevierItemAutor\">M. Urrutia-Pereira<\/span><span class=\"elsevierItemAutor\">, D. Sol\u00e9<\/span><span class=\"elsevierItemAutorRelaciones\"><span class=\"elsevierStyleSup\">,<\/span><\/span><span class=\"elsevierItemAutor\">H.J. Chong Neto<\/span><span class=\"elsevierItemAutor\">, H. Badellino<\/span><span class=\"elsevierItemAutor\">, V. Acosta<\/span><span class=\"elsevierItemAutor\">, R.L. Castro-Almarales<\/span><span class=\"elsevierItemAutor\">, M.G. Le\u00f3n<\/span><span class=\"elsevierItemAutor\">, M.M. Avalos<\/span><span class=\"elsevierItemAutor\">, C.C. Fern\u00e1ndez<\/span><span class=\"elsevierItemAutor\">, J.C. Sisul-Alvariza<\/span><span class=\"elsevierItemAutor\">, V.J. Oliano<\/span><span class=\"elsevierItemAutor\">, P.N. Rinelli<\/span><\/p>\n<p style=\"text-align: justify\">Allergol Immunopathol (Madr). 2019, 47(4): 328-355<\/p>\n<p style=\"text-align: justify\"><a href=\"https:\/\/www.ncbi.nlm.nih.gov\/pmc\/articles\/PMC6282290\/pdf\/40413_2018_Article_219.pdf\">Test for Respiratory and Asthma Control in Kids (TRACK): validation of the Portuguese version<\/a><br \/>\nGustavo F. Wandalsen, Renata G. Dias, Herberto J. Chong-Neto, Nelson Ros\u00e1rio, Lillian Moraes, Neusa F. Wandalsen, D\u00e9cio Medeiros, Ana Caroline Della Bianca, Marilyn Urrutia-Pereira, Jennifer Avila, Patr\u00edcia P. Jorge, and Dirceu Sol\u00e9<\/p>\n<p style=\"text-align: justify\">Wandalsen et al. World Allergy Organization Journal (2018) 11:40<\/p>\n<div class=\"supp\" style=\"text-align: justify\">\n<p><a href=\"http:\/\/jtd.amegroups.com\/article\/view\/26227\/pdf\">Country activities of Global Alliance against Chronic Respiratory Diseases (GARD): focus presentations at the 11th GARD General Meeting, Brussels<\/a><br \/>\nAuthors: Jean Bousquet, Yousser Mohammad, Anna Bedbrook, Teresa To, Rachel McGihon, Cristina B\u00e1rbara, Elisabete Melo-Gomes, Jos\u00e9 Rosado-Pinto, Paula Sim\u00e3o, Francisco George, Antonello Punturieri, James P. Kiley, Elizabete Nunes, Anilsa Cossa, Paulo Camargos, Raphael Stelmach, Alvaro A. Cruz, Marylin Valentin Rostan, Anah\u00ed Ya\u00f1ez, Sandra Nora Gonz\u00e1lez-D\u00edaz, Marilyn Urrutia-Pereira, Mo\u00efses A. Calderon, Ren\u00e9 Maximiliano G\u00f3mez, Zachary German, V\u00edt\u011bzslav Kolek, V\u00e1clav \u0160pi\u010d\u00e1k, Le Thi Tuyet Lan, Suzanne Hurd, Claude Lenfant, Arzu Yorgancioglu, Bilun Gemicio\u011flu, Banu Ekinci, Zubeyda Ozkan, Bassam Abou Al-Zahab, Ahmad Dmeirieh, Rania Shifa, Hazar Faroun, Aicha AlJaber, Ramsa Halloum, Yassine Fatmeh, Ammar Alzein, Jamal Aloush, Ghazal Dib, Rafea Shaaban, Margarete Arrais, Maria do C\u00e9u Teixeira, Cl\u00e1udia Concei\u00e7\u00e3o, Paulo Ferrinho<\/p>\n<p>J Thorac Dis 2018;10(12):7064-7072.<\/p>\n<p><a href=\"https:\/\/sites.unipampa.edu.br\/nupaes\/files\/2019\/01\/cigarro-eletronico-asbai.pdf\">Cigarros eletr\u00f4nicos: esses ilustres desconhecidos<\/a><\/p>\n<p><strong>Marilyn Urrutia-Pereira<\/strong>; Dirceu Sol\u00e9<\/p>\n<p>Arq Asma Alerg Imunol 2018;2(3):309-314<\/p>\n<p><a href=\"http:\/\/revistaalergia.mx\/ojs\/index.php\/ram\/article\/view\/525\/883\">[Primary care physicians&#8217; knowledge about allergic rhinitis and its impact on asthma (ARIA guidelines): a comparative Brazilian\/Paraguayan\/Uruguayan pilot study].<\/a><\/p>\n<p>Urrutia-Pereira M, Fern\u00e1ndez C, Valentin-Rostan M, Cruz \u00c1, Torres O, Simon L, Nunes-Rinelli P, Sol\u00e9 D.<\/p>\n<p>Rev Alerg Mex. 2018 Oct-Dec;65(4):321-330.<\/p>\n<p><a href=\"https:\/\/sites.unipampa.edu.br\/nupaes\/files\/2018\/06\/v2n1a13.pdf\">Conhecimento de farmac\u00eauticos sobre rinite al\u00e9rgica e seu impacto na asma (guia ARIA para farmac\u00eauticos): um estudo piloto comparativo entre Brasil e Paraguai<\/a><\/p>\n<p><strong>Marilyn Urrutia-Pereira<\/strong>, Raqueli Bittencourt, Carolina Fernandez, Alvaro A. Cruz,<br \/>\nLaura Simon, Pietro Rianelli, Dirceu Sol\u00e9<\/p>\n<p>Arq Asma Alerg Imunol \u2013 Vol. 2. N\u00b0 1, 2018<\/p>\n<p class=\"m_3456680176067637908gmail-title\"><a href=\"https:\/\/www.ncbi.nlm.nih.gov\/pubmed\/30176199\" target=\"_blank\" rel=\"noopener\">[2017 Brussels Agreement for Latin America: an initiative of the GARD and Slaai].<\/a><\/p>\n<div class=\"m_3456680176067637908gmail-supp\">\n<p class=\"m_3456680176067637908gmail-desc\">G\u00f3mez RM, Gonz\u00e1lez-D\u00edaz SN,\u00a0<b>Urrutia-Pereira M<\/b>, Valent\u00edn-Rostan M, Y\u00e1\u00f1ez A, Jares E, Cruz \u00c1, Calder\u00f3n M, Bousquet J; Sociedad Latinoamericana de Alergia, Asma e Inmunolog\u00eda; Global Alliance against Chronic Respiratory Disease.<\/p>\n<p class=\"m_3456680176067637908gmail-details\"><span class=\"m_3456680176067637908gmail-jrnl\" title=\"Revista alergia Mexico (Tecamachalco, Puebla, Mexico : 1993)\">Rev Alerg Mex<\/span>. 2018 Jul-Sep;65(3):137-141.<\/p>\n<\/div>\n<p><a href=\"http:\/\/jtd.amegroups.com\/article\/view\/18409\/14717\">Global Alliance against Chronic Respiratory Diseases (GARD) Brazil success case: overcoming barriers<\/a><\/p>\n<p class=\"desc\">Alvaro A. Cruz, Paulo A. Camargos, <strong>Marilyn Urrutia-Pereira<\/strong>, Rafael Stelmach<\/p>\n<p>J Thorac Dis 2018;10(1):534-538<\/p>\n<\/div>\n<p class=\"title\" style=\"text-align: justify\"><a href=\"https:\/\/www.ncbi.nlm.nih.gov\/pubmed\/29338962\">Knowledge on asthma, food allergies, and anaphylaxis: Assessment of elementary school teachers, parents\/caregivers of asthmatic children, and university students in Uruguaiana, in the state of Rio Grande do Sul, Brazil.<\/a><\/p>\n<div class=\"supp\" style=\"text-align: justify\">\n<p class=\"desc\"><b>Urrutia-Pereira M<\/b>, Mocellin LP, de Oliveira RB, Simon L, Lessa L, Sol\u00e9 D.<\/p>\n<p class=\"details\"><span class=\"jrnl\" title=\"Allergologia et immunopathologia\">Allergol Immunopathol (Madr)<\/span>. 2018 Jan 12. pii: S0301-0546(17)30178-7<\/p>\n<\/div>\n<p class=\"title\" style=\"text-align: justify\"><a href=\"https:\/\/www.ncbi.nlm.nih.gov\/pubmed\/28188707\">[The Jerusalem Chapter: A new paradigm in the care of allergic children and adolescents in Latin-American schools].<\/a><\/p>\n<div class=\"supp\" style=\"text-align: justify\">\n<p class=\"desc\">Sol\u00e9 D,\u00a0<b>Urrutia-Pereira M<\/b>, Sisul-Alvariza JC, Jares EJ, S\u00e1nchez-Borges M, Ansotegui IJ, Cruz \u00c1A, Chong-Neto HJ, Rosario N, Gonz\u00e1lez-D\u00edaz SN, Badellino H, Valent\u00edn-Rost\u00e1n M, G\u00f3mez RM, Teijeiro \u00c1, Ensina LF, Cocco R, Saccardo-Sarni R.<\/p>\n<p class=\"details\"><span class=\"jrnl\" title=\"Revista alergia Mexico (Tecamachalco, Puebla, Mexico : 1993)\">Rev Alerg Mex<\/span>. 2017 Jan-Mar;64(1):3-6<\/p>\n<\/div>\n<p class=\"title\" style=\"text-align: justify\"><a href=\"https:\/\/www.ncbi.nlm.nih.gov\/pubmed\/27908570\">Sleep-related disorders in Latin-American children with atopic dermatitis: A case control study.<\/a><\/p>\n<div class=\"supp\" style=\"text-align: justify\">\n<p class=\"desc\"><b>Urrutia-Pereira M<\/b>, Sol\u00e9 D, Rosario NA, Neto HJC, Acosta V, Almendarez CF, Avalos MM, Badellino H, Berroa F, \u00c1lvarez-Castell\u00f3 M, Castillo AJ, Castro-Almarales RL, De la Cruz MM, Cepeda AM, Fernandez C, Gonz\u00e1lez-Le\u00f3n M, Lozano-Saenz J, Sanchez-Silot C, Sisul-Alvariza JC, Valentin-Rostan M, Sarni ROS.<\/p>\n<p class=\"details\"><span class=\"jrnl\" title=\"Allergologia et immunopathologia\">Allergol Immunopathol (Madr)<\/span>. 2017 May &#8211; Jun;45(3):276-282<\/p>\n<\/div>\n<p class=\"title\" style=\"text-align: justify\"><a href=\"https:\/\/www.ncbi.nlm.nih.gov\/pubmed\/27886805\">Prevalence and factors associated with smoking among adolescents.<\/a><\/p>\n<div class=\"supp\" style=\"text-align: justify\">\n<p class=\"desc\"><b>Urrutia-Pereira M<\/b>, Oliano VJ, Aranda CS, Mallol J, Sol\u00e9 D.<\/p>\n<p class=\"details\"><span class=\"jrnl\" title=\"Jornal de pediatria\">J Pediatr (Rio J)<\/span>. 2017 May &#8211; Jun;93(3):230-237<\/p>\n<\/div>\n<p class=\"title\" style=\"text-align: justify\"><a href=\"https:\/\/www.ncbi.nlm.nih.gov\/pubmed\/27763860\">Is Vitamin D Deficiency a Marker of Severity of Wheezing in Children? A Cross-sectional Study.<\/a><\/p>\n<div class=\"supp\" style=\"text-align: justify\">\n<p class=\"desc\"><b>Urrutia-Pereira M<\/b>, Sol\u00e9 D.<\/p>\n<p class=\"details\"><span class=\"jrnl\" title=\"Journal of investigational allergology &amp; clinical immunology\">J Investig Allergol Clin Immunol<\/span>. 2016;26(5):319-321<\/p>\n<\/div>\n<p class=\"title\" style=\"text-align: justify\"><a href=\"https:\/\/www.ncbi.nlm.nih.gov\/pubmed\/27594405\">Sleep disorders in Latin-American children with asthma and\/or allergic rhinitis and normal controls.<\/a><\/p>\n<div class=\"supp\" style=\"text-align: justify\">\n<p class=\"desc\"><b>Urrutia-Pereira M<\/b>, Sol\u00e9 D, Chong Neto HJ, Acosta V, Cepeda AM, \u00c1lvarez-Castell\u00f3 M, Almendarez CF, Lozano-Saenz J, Sisul-Alvariza JC, Rosario NA, Castillo AJ, Valentin-Rostan M, Badellino H, Castro-Almarales RL, Gonz\u00e1lez-Le\u00f3n M, Sanchez-Silot C, Avalos MM, Fernandez C, Berroa F, De la Cruz MM, Sarni RO.<\/p>\n<p class=\"details\"><span class=\"jrnl\" title=\"Allergologia et immunopathologia\">Allergol Immunopathol (Madr)<\/span>. 2017 Mar &#8211; Apr;45(2):145-151<\/p>\n<\/div>\n<p class=\"title\" style=\"text-align: justify\"><a href=\"https:\/\/www.ncbi.nlm.nih.gov\/pubmed\/27560916\">[The allergic child at school. What do we need to know?].<\/a><\/p>\n<div class=\"supp\" style=\"text-align: justify\">\n<p class=\"desc\"><b>Urrutia-Pereira M<\/b>, Sol\u00e9 D.<\/p>\n<p class=\"details\"><span class=\"jrnl\" title=\"Revista alergia Mexico (Tecamachalco, Puebla, Mexico : 1993)\">Rev Alerg Mex<\/span>. 2016 Jul-Sep;63(3):283-92<\/p>\n<\/div>\n<p class=\"title\" style=\"text-align: justify\"><a href=\"https:\/\/www.ncbi.nlm.nih.gov\/pubmed\/27475777\">The school as a health promoter for children with asthma: The purpose of an education programme.<\/a><\/p>\n<div class=\"supp\" style=\"text-align: justify\">\n<p class=\"desc\"><b>Urrutia-Pereira M<\/b>, To T, Cruz \u00c1A, Sol\u00e9 D.<\/p>\n<p class=\"details\"><span class=\"jrnl\" title=\"Allergologia et immunopathologia\">Allergol Immunopathol (Madr)<\/span>. 2017 Jan &#8211; Feb;45(1):93-98<\/p>\n<\/div>\n<p class=\"title\" style=\"text-align: justify\"><a href=\"https:\/\/www.ncbi.nlm.nih.gov\/pubmed\/26982040\">The Program for the Prevention of Childhood Asthma: a specialized care program for children with wheezing or asthma in Brazil.<\/a><\/p>\n<div class=\"supp\" style=\"text-align: justify\">\n<p class=\"desc\"><b>Urrutia-Pereira M<\/b>, Avila J, Sol\u00e9 D.<\/p>\n<p class=\"details\"><span class=\"jrnl\" title=\"Jornal brasileiro de pneumologia : publicacao oficial da Sociedade Brasileira de Pneumologia e Tisilogia\">J Bras Pneumol<\/span>. 2016 Jan-Feb;42(1):42-7<\/p>\n<\/div>\n<p class=\"title\" style=\"text-align: justify\"><a href=\"https:\/\/www.ncbi.nlm.nih.gov\/pubmed\/26556660\">[Social media monitoring of asthmatic children treated in a specialized program: Parents and caregivers expectations].<\/a><\/p>\n<div class=\"supp\" style=\"text-align: justify\">\n<p class=\"desc\"><b>Urrutia-Pereira M<\/b>, \u00c1vila JB, Cherrez-Ojeda I, Ivancevich JC, Sol\u00e9 D.<\/p>\n<p class=\"details\"><span class=\"jrnl\" title=\"Revista alergia Mexico (Tecamachalco, Puebla, Mexico : 1993)\">Rev Alerg Mex<\/span>. 2015 Oct-Dec;62(4):255-6<\/p>\n<\/div>\n<p class=\"title\" style=\"text-align: justify\"><a href=\"https:\/\/www.ncbi.nlm.nih.gov\/pubmed\/26540498\">Prevalence, Severity, and Treatment of Recurrent Wheezing During the First Year of Life: A Cross-Sectional Study of 12,405 Latin American Infants.<\/a><\/p>\n<div class=\"supp\" style=\"text-align: justify\">\n<p class=\"desc\">Mallol J, Sol\u00e9 D, Garcia-Marcos L, Rosario N, Aguirre V, Chong H,\u00a0<b>Urrutia-Pereira M<\/b>, Szulman G, Niederbacher J, Arruda-Chavez E, Toledo E, S\u00e1nchez L, Pinchak C; EISL Latin American Group.<\/p>\n<p class=\"details\"><span class=\"jrnl\" title=\"Allergy, asthma &amp; immunology research\">Allergy Asthma Immunol Res<\/span>. 2016 Jan;8(1):22-31<\/p>\n<\/div>\n<p class=\"title\" style=\"text-align: justify\"><a href=\"https:\/\/www.ncbi.nlm.nih.gov\/pubmed\/25662013\">Vitamin D deficiency in pregnancy and its impact on the fetus, the newborn and in childhood.<\/a><\/p>\n<div class=\"supp\" style=\"text-align: justify\">\n<p class=\"desc\"><b>Urrutia-Pereira M<\/b>, Sol\u00e9 D.<\/p>\n<p class=\"details\"><span class=\"jrnl\" title=\"Revista paulista de pediatria : orgao oficial da Sociedade de Pediatria de Sao Paulo\">Rev Paul Pediatr<\/span>. 2015 Jan-Mar;33(1):104-13<\/p>\n<\/div>\n<p class=\"title\" style=\"text-align: justify\"><a href=\"https:\/\/www.ncbi.nlm.nih.gov\/pubmed\/25750669\">A workshop on asthma management programs and centers in Brazil: reviewing and explaining concepts.<\/a><\/p>\n<div class=\"supp\" style=\"text-align: justify\">\n<p class=\"desc\">Stelmach R, Cerci Neto A, Fonseca AC, Ponte EV, Alves G, Araujo-Costa IN, Lasmar LM, Castro LK, Lenz ML, Silva P, Cukier A, Alves AM, Lima-Matos AS, Cardoso Ada R, Fernandes AL, S\u00e3o-Jos\u00e9 BP, Riedi CA, Schor D, Peixoto DM, Brandenburg DD, Camillo EG, Serpa FS, Brand\u00e3o HV, Lima JA, Pio JE, Fiterman J, Anderson Mde F, Cardoso Mdo S, Rodrigues MT,<strong> Pereira MN<\/strong>, Antila M, Martins SM, Guimar\u00e3es VG, Mello YA, Andrade WC, Salibe-Filho W, Caldeira ZM, Cruz-Filho \u00c1A, Camargos P.<\/p>\n<p class=\"details\"><span class=\"jrnl\" title=\"Jornal brasileiro de pneumologia : publicacao oficial da Sociedade Brasileira de Pneumologia e Tisilogia\">J Bras Pneumol<\/span>. 2015 Jan-Feb;41(1):3-15<\/p>\n<\/div>\n<p class=\"title\" style=\"text-align: justify\"><a href=\"https:\/\/www.ncbi.nlm.nih.gov\/pubmed\/19392986\">Neutrophilic airway inflammation is a main feature of induced sputum in nonatopic asthmatic children.<\/a><\/p>\n<div class=\"supp\" style=\"text-align: justify\">\n<p class=\"desc\">Drews AC, Pizzichini MM, Pizzichini E,\u00a0<b>Pereira MU<\/b>, Pitrez PM, Jones MH, Sly PD, Stein RT.<\/p>\n<p class=\"details\"><span class=\"jrnl\" title=\"Allergy\">Allergy<\/span>. 2009 Nov;64(11):1597-601<\/p>\n<\/div>\n<p class=\"title\" style=\"text-align: justify\"><a href=\"https:\/\/www.ncbi.nlm.nih.gov\/pubmed\/18484663\">Intestinal helminth infestation is associated with increased bronchial responsiveness in children.<\/a><\/p>\n<div class=\"supp\" style=\"text-align: justify\">\n<p class=\"desc\">da Silva ER, Sly PD, de\u00a0<b>Pereira MU<\/b>, Pinto LA, Jones MH, Pitrez PM, Stein RT.<\/p>\n<p class=\"details\"><span class=\"jrnl\" title=\"Pediatric pulmonology\">Pediatr Pulmonol<\/span>. 2008 Jul;43(7):662-5<\/p>\n<\/div>\n<p class=\"title\" style=\"text-align: justify\"><a href=\"https:\/\/www.ncbi.nlm.nih.gov\/pubmed\/18350229\">The prevalence of symptoms of sleep-disordered breathing in Brazilian schoolchildren.<\/a><\/p>\n<div class=\"supp\" style=\"text-align: justify\">\n<p class=\"desc\">Petry C,\u00a0<b>Pereira MU<\/b>, Pitrez PM, Jones MH, Stein RT.<\/p>\n<p class=\"details\"><span class=\"jrnl\" title=\"Jornal de pediatria\">J Pediatr (Rio J)<\/span>. 2008 Mar-Apr;84(2):123-9<\/p>\n<\/div>\n<p class=\"title\" style=\"text-align: justify\"><a href=\"https:\/\/www.ncbi.nlm.nih.gov\/pubmed\/17331964\">Nonatopic asthma is associated with helminth infections and bronchiolitis in poor children.<\/a><\/p>\n<div class=\"supp\" style=\"text-align: justify\">\n<p class=\"desc\"><b>Pereira MU<\/b>, Sly PD, Pitrez PM, Jones MH, Escouto D, Dias AC, Weiland SK, Stein RT.<\/p>\n<p class=\"details\"><span class=\"jrnl\" title=\"The European respiratory journal\">Eur Respir J<\/span>. 2007 Jun;29(6):1154-60.<\/p>\n<\/div>\n<div class=\"aux\">\n<div class=\"resc\" style=\"text-align: justify\"><\/div>\n<\/div>\n","protected":false},"excerpt":{"rendered":"<p>Tobacco control in young people and adults: did Brazil do their homework? Marilyn Urrutia-Pereira, Herberto Jos\u00e9 Chong-Neto, Dirceu Sol\u00e9 J Bras Pneumol. 2021;47(5) Management of anaphylaxis due to COVID-19 vaccines in the elderly Bousquet J, Agache I, Blain H, Jutel M, Ventura MT, Worm M, Del Giacco S, Benetos A, Bilo BM, Czarlewski W, Abdul &hellip; <a href=\"https:\/\/sites.unipampa.edu.br\/nupaes\/?page_id=72\" class=\"more-link\">Continue lendo <span class=\"screen-reader-text\">Marilyn Urrutia-Pereira<\/span> <span class=\"meta-nav\">&rarr;<\/span><\/a><\/p>\n","protected":false},"author":506,"featured_media":0,"parent":0,"menu_order":0,"comment_status":"closed","ping_status":"closed","template":"","meta":[],"_links":{"self":[{"href":"https:\/\/sites.unipampa.edu.br\/nupaes\/index.php?rest_route=\/wp\/v2\/pages\/72"}],"collection":[{"href":"https:\/\/sites.unipampa.edu.br\/nupaes\/index.php?rest_route=\/wp\/v2\/pages"}],"about":[{"href":"https:\/\/sites.unipampa.edu.br\/nupaes\/index.php?rest_route=\/wp\/v2\/types\/page"}],"author":[{"embeddable":true,"href":"https:\/\/sites.unipampa.edu.br\/nupaes\/index.php?rest_route=\/wp\/v2\/users\/506"}],"replies":[{"embeddable":true,"href":"https:\/\/sites.unipampa.edu.br\/nupaes\/index.php?rest_route=%2Fwp%2Fv2%2Fcomments&post=72"}],"version-history":[{"count":24,"href":"https:\/\/sites.unipampa.edu.br\/nupaes\/index.php?rest_route=\/wp\/v2\/pages\/72\/revisions"}],"predecessor-version":[{"id":81,"href":"https:\/\/sites.unipampa.edu.br\/nupaes\/index.php?rest_route=\/wp\/v2\/pages\/72\/revisions\/81"}],"wp:attachment":[{"href":"https:\/\/sites.unipampa.edu.br\/nupaes\/index.php?rest_route=%2Fwp%2Fv2%2Fmedia&parent=72"}],"curies":[{"name":"wp","href":"https:\/\/api.w.org\/{rel}","templated":true}]}}